{"id":875,"date":"2020-05-15T15:09:20","date_gmt":"2020-05-15T13:09:20","guid":{"rendered":"https:\/\/mjfashion.es\/?post_type=product&#038;p=875"},"modified":"2020-05-15T15:09:20","modified_gmt":"2020-05-15T13:09:20","slug":"blouse","status":"publish","type":"product","link":"https:\/\/mjfashion.es\/de\/produkt\/blouse\/","title":{"rendered":"Bluse"},"content":{"rendered":"<p>Farben: Erh\u00e4ltlich in Flieder, Beige, Gr\u00fcn und Korallenrosa<br \/>\nGr\u00f6\u00dfe: Einheitsgr\u00f6\u00dfe<\/p>\n","protected":false},"excerpt":{"rendered":"<p>Bluse mit rundem Ausschnitt und langen \u00c4rmeln.<\/p>\n","protected":false},"featured_media":866,"comment_status":"open","ping_status":"closed","template":"","meta":[],"_links":{"self":[{"href":"https:\/\/mjfashion.es\/de\/wp-json\/wp\/v2\/product\/875"}],"collection":[{"href":"https:\/\/mjfashion.es\/de\/wp-json\/wp\/v2\/product"}],"about":[{"href":"https:\/\/mjfashion.es\/de\/wp-json\/wp\/v2\/types\/product"}],"replies":[{"embeddable":true,"href":"https:\/\/mjfashion.es\/de\/wp-json\/wp\/v2\/comments?post=875"}],"wp:featuredmedia":[{"embeddable":true,"href":"https:\/\/mjfashion.es\/de\/wp-json\/wp\/v2\/media\/866"}],"wp:attachment":[{"href":"https:\/\/mjfashion.es\/de\/wp-json\/wp\/v2\/media?parent=875"}],"curies":[{"name":"wp","href":"https:\/\/api.w.org\/{rel}","templated":true}]}}