{"id":898,"date":"2020-05-15T16:43:17","date_gmt":"2020-05-15T14:43:17","guid":{"rendered":"https:\/\/mjfashion.es\/?post_type=product&#038;p=898"},"modified":"2020-08-08T09:28:46","modified_gmt":"2020-08-08T07:28:46","slug":"loose-fit-polka-dot-blouse","status":"publish","type":"product","link":"https:\/\/mjfashion.es\/de\/produkt\/loose-fit-polka-dot-blouse\/","title":{"rendered":"Locker sitzende Tupfenbluse"},"content":{"rendered":"<p>Farben: Erh\u00e4ltlich in Orangenschale, Schwarz und Wei\u00df<br \/>\nGr\u00f6\u00dfe: Einheitsgr\u00f6\u00dfe<\/p>\n","protected":false},"excerpt":{"rendered":"<p>Locker geschnittene Bluse mit geradem Ausschnitt. Bindung mit Zierschleife vorn. Lange \u00c4rmel mit elastischen B\u00fcndchen. R\u00fcschenbes\u00e4tze.<\/p>\n","protected":false},"featured_media":890,"comment_status":"open","ping_status":"closed","template":"","meta":[],"_links":{"self":[{"href":"https:\/\/mjfashion.es\/de\/wp-json\/wp\/v2\/product\/898"}],"collection":[{"href":"https:\/\/mjfashion.es\/de\/wp-json\/wp\/v2\/product"}],"about":[{"href":"https:\/\/mjfashion.es\/de\/wp-json\/wp\/v2\/types\/product"}],"replies":[{"embeddable":true,"href":"https:\/\/mjfashion.es\/de\/wp-json\/wp\/v2\/comments?post=898"}],"wp:featuredmedia":[{"embeddable":true,"href":"https:\/\/mjfashion.es\/de\/wp-json\/wp\/v2\/media\/890"}],"wp:attachment":[{"href":"https:\/\/mjfashion.es\/de\/wp-json\/wp\/v2\/media?parent=898"}],"curies":[{"name":"wp","href":"https:\/\/api.w.org\/{rel}","templated":true}]}}