{"id":912,"date":"2020-05-15T18:03:39","date_gmt":"2020-05-15T16:03:39","guid":{"rendered":"https:\/\/mjfashion.es\/?post_type=product&#038;p=912"},"modified":"2020-09-12T09:40:59","modified_gmt":"2020-09-12T07:40:59","slug":"blouse-with-an-interesting-neckline","status":"publish","type":"product","link":"https:\/\/mjfashion.es\/de\/produkt\/blouse-with-an-interesting-neckline\/","title":{"rendered":"Bluse mit interessantem Ausschnitt"},"content":{"rendered":"<p>Farben: Erh\u00e4ltlich in Dark Korallenrosa, Blau, Wei\u00df, Khaki und Schwarz<br \/>\nGr\u00f6\u00dfe: Einheitsgr\u00f6\u00dfe<\/p>\n","protected":false},"excerpt":{"rendered":"<p>Ein einfaches Top mit einem interessanten Ausschnitt. Lange \u00c4rmel.<\/p>\n","protected":false},"featured_media":902,"comment_status":"open","ping_status":"closed","template":"","meta":[],"_links":{"self":[{"href":"https:\/\/mjfashion.es\/de\/wp-json\/wp\/v2\/product\/912"}],"collection":[{"href":"https:\/\/mjfashion.es\/de\/wp-json\/wp\/v2\/product"}],"about":[{"href":"https:\/\/mjfashion.es\/de\/wp-json\/wp\/v2\/types\/product"}],"replies":[{"embeddable":true,"href":"https:\/\/mjfashion.es\/de\/wp-json\/wp\/v2\/comments?post=912"}],"wp:featuredmedia":[{"embeddable":true,"href":"https:\/\/mjfashion.es\/de\/wp-json\/wp\/v2\/media\/902"}],"wp:attachment":[{"href":"https:\/\/mjfashion.es\/de\/wp-json\/wp\/v2\/media?parent=912"}],"curies":[{"name":"wp","href":"https:\/\/api.w.org\/{rel}","templated":true}]}}