{"id":937,"date":"2020-05-16T15:47:11","date_gmt":"2020-05-16T13:47:11","guid":{"rendered":"https:\/\/mjfashion.es\/?post_type=product&#038;p=937"},"modified":"2020-06-28T21:18:40","modified_gmt":"2020-06-28T19:18:40","slug":"faux-leather-mini-skirt","status":"publish","type":"product","link":"https:\/\/mjfashion.es\/de\/produkt\/faux-leather-mini-skirt\/","title":{"rendered":"Kunstleder Minirock"},"content":{"rendered":"<p>Farbe schwarz<br \/>\nGr\u00f6\u00dfe: S \/ M \/ L<\/p>\n","protected":false},"excerpt":{"rendered":"<p>Kunstlederrock mit hoher Taille, passendem Stoffg\u00fcrtel und unsichtbarem Rei\u00dfverschluss hinten. Ein Muss f\u00fcr die Saison.<\/p>\n","protected":false},"featured_media":928,"comment_status":"open","ping_status":"closed","template":"","meta":[],"_links":{"self":[{"href":"https:\/\/mjfashion.es\/de\/wp-json\/wp\/v2\/product\/937"}],"collection":[{"href":"https:\/\/mjfashion.es\/de\/wp-json\/wp\/v2\/product"}],"about":[{"href":"https:\/\/mjfashion.es\/de\/wp-json\/wp\/v2\/types\/product"}],"replies":[{"embeddable":true,"href":"https:\/\/mjfashion.es\/de\/wp-json\/wp\/v2\/comments?post=937"}],"wp:featuredmedia":[{"embeddable":true,"href":"https:\/\/mjfashion.es\/de\/wp-json\/wp\/v2\/media\/928"}],"wp:attachment":[{"href":"https:\/\/mjfashion.es\/de\/wp-json\/wp\/v2\/media?parent=937"}],"curies":[{"name":"wp","href":"https:\/\/api.w.org\/{rel}","templated":true}]}}