{"id":944,"date":"2020-05-17T00:28:11","date_gmt":"2020-05-16T22:28:11","guid":{"rendered":"https:\/\/mjfashion.es\/?post_type=product&#038;p=944"},"modified":"2020-06-28T21:33:51","modified_gmt":"2020-06-28T19:33:51","slug":"midi-faux-leather-pencil-skirt","status":"publish","type":"product","link":"https:\/\/mjfashion.es\/de\/produkt\/midi-faux-leather-pencil-skirt\/","title":{"rendered":"Midi Kunstleder Bleistiftrock"},"content":{"rendered":"<p>Farben: Erh\u00e4ltlich in Beige, T\u00fcrkis und Schwarz<br \/>\nGr\u00f6\u00dfe: S \/ M \/ L<br \/>\nL\u00e4nge: 75 cm<\/p>\n","protected":false},"excerpt":{"rendered":"<p>Midirock aus Kunstleder mit Bleistiftmodell, hoher elastischer Taille, Rei\u00dfverschluss vorne und Druckknopfverschluss. R\u00fcckschlitz. Bleistiftr\u00f6cke liegen in dieser Saison sehr im Trend. Sie unterstreichen die Kurven des K\u00f6rpers und geben ein sexy und attraktives Aussehen. Die Bleistiftr\u00f6cke sind die elegantesten und ideal f\u00fcr das B\u00fcro.<\/p>\n","protected":false},"featured_media":950,"comment_status":"open","ping_status":"closed","template":"","meta":[],"_links":{"self":[{"href":"https:\/\/mjfashion.es\/de\/wp-json\/wp\/v2\/product\/944"}],"collection":[{"href":"https:\/\/mjfashion.es\/de\/wp-json\/wp\/v2\/product"}],"about":[{"href":"https:\/\/mjfashion.es\/de\/wp-json\/wp\/v2\/types\/product"}],"replies":[{"embeddable":true,"href":"https:\/\/mjfashion.es\/de\/wp-json\/wp\/v2\/comments?post=944"}],"wp:featuredmedia":[{"embeddable":true,"href":"https:\/\/mjfashion.es\/de\/wp-json\/wp\/v2\/media\/950"}],"wp:attachment":[{"href":"https:\/\/mjfashion.es\/de\/wp-json\/wp\/v2\/media?parent=944"}],"curies":[{"name":"wp","href":"https:\/\/api.w.org\/{rel}","templated":true}]}}