{"id":969,"date":"2020-05-17T01:33:39","date_gmt":"2020-05-16T23:33:39","guid":{"rendered":"https:\/\/mjfashion.es\/?post_type=product&#038;p=969"},"modified":"2020-08-01T16:55:34","modified_gmt":"2020-08-01T14:55:34","slug":"pleated-midi-skirt-with-belt","status":"publish","type":"product","link":"https:\/\/mjfashion.es\/de\/produkt\/pleated-midi-skirt-with-belt\/","title":{"rendered":"Plissee Midirock mit G\u00fcrtel"},"content":{"rendered":"<p>Farben: Erh\u00e4ltlich in T\u00fcrkis und Schwarz<br \/>\nGr\u00f6\u00dfe: Einheitsgr\u00f6\u00dfe<br \/>\nL\u00e4nge: 78 cm<\/p>\n","protected":false},"excerpt":{"rendered":"<p>Plissee-Midirock mit hoher elastischer Taille und Schnalleng\u00fcrtel aus demselben Stoff.<\/p>\n","protected":false},"featured_media":973,"comment_status":"open","ping_status":"closed","template":"","meta":[],"_links":{"self":[{"href":"https:\/\/mjfashion.es\/de\/wp-json\/wp\/v2\/product\/969"}],"collection":[{"href":"https:\/\/mjfashion.es\/de\/wp-json\/wp\/v2\/product"}],"about":[{"href":"https:\/\/mjfashion.es\/de\/wp-json\/wp\/v2\/types\/product"}],"replies":[{"embeddable":true,"href":"https:\/\/mjfashion.es\/de\/wp-json\/wp\/v2\/comments?post=969"}],"wp:featuredmedia":[{"embeddable":true,"href":"https:\/\/mjfashion.es\/de\/wp-json\/wp\/v2\/media\/973"}],"wp:attachment":[{"href":"https:\/\/mjfashion.es\/de\/wp-json\/wp\/v2\/media?parent=969"}],"curies":[{"name":"wp","href":"https:\/\/api.w.org\/{rel}","templated":true}]}}