{"id":987,"date":"2020-05-17T14:49:29","date_gmt":"2020-05-17T12:49:29","guid":{"rendered":"https:\/\/mjfashion.es\/?post_type=product&#038;p=987"},"modified":"2020-05-17T14:49:29","modified_gmt":"2020-05-17T12:49:29","slug":"white-shirt","status":"publish","type":"product","link":"https:\/\/mjfashion.es\/de\/produkt\/white-shirt\/","title":{"rendered":"Wei\u00dfes Hemd"},"content":{"rendered":"<p>Farbe: Wei\u00df<br \/>\nGr\u00f6\u00dfe: S \/ M \/ L<\/p>\n","protected":false},"excerpt":{"rendered":"<p>Hemd mit hohem runden Kragen, langen \u00c4rmeln mit B\u00fcndchen, an den Schultern aufgeblasen. Knopfverschluss vorne. Dekorative Details an den S\u00e4umen.<\/p>\n","protected":false},"featured_media":935,"comment_status":"open","ping_status":"closed","template":"","meta":[],"_links":{"self":[{"href":"https:\/\/mjfashion.es\/de\/wp-json\/wp\/v2\/product\/987"}],"collection":[{"href":"https:\/\/mjfashion.es\/de\/wp-json\/wp\/v2\/product"}],"about":[{"href":"https:\/\/mjfashion.es\/de\/wp-json\/wp\/v2\/types\/product"}],"replies":[{"embeddable":true,"href":"https:\/\/mjfashion.es\/de\/wp-json\/wp\/v2\/comments?post=987"}],"wp:featuredmedia":[{"embeddable":true,"href":"https:\/\/mjfashion.es\/de\/wp-json\/wp\/v2\/media\/935"}],"wp:attachment":[{"href":"https:\/\/mjfashion.es\/de\/wp-json\/wp\/v2\/media?parent=987"}],"curies":[{"name":"wp","href":"https:\/\/api.w.org\/{rel}","templated":true}]}}