{"id":992,"date":"2020-05-17T15:14:58","date_gmt":"2020-05-17T13:14:58","guid":{"rendered":"https:\/\/mjfashion.es\/?post_type=product&#038;p=992"},"modified":"2020-07-25T16:03:45","modified_gmt":"2020-07-25T14:03:45","slug":"pleated-midi-skirt","status":"publish","type":"product","link":"https:\/\/mjfashion.es\/de\/produkt\/pleated-midi-skirt\/","title":{"rendered":"Plissee Midirock"},"content":{"rendered":"<p>Farben: Erh\u00e4ltlich in Zimt und Ink Black<br \/>\nGr\u00f6\u00dfe: Einheitsgr\u00f6\u00dfe<br \/>\nL\u00e4nge: 90cm<\/p>\n","protected":false},"excerpt":{"rendered":"<p>Der Rock ist ein Muss f\u00fcr die Saison und l\u00e4sst sich leicht kombinieren. Kombiniere es mit einem T-Shirt und sportlichen Schuhen oder einem Shirt mit eleganten Sandalen.<\/p>\n","protected":false},"featured_media":995,"comment_status":"open","ping_status":"closed","template":"","meta":[],"_links":{"self":[{"href":"https:\/\/mjfashion.es\/de\/wp-json\/wp\/v2\/product\/992"}],"collection":[{"href":"https:\/\/mjfashion.es\/de\/wp-json\/wp\/v2\/product"}],"about":[{"href":"https:\/\/mjfashion.es\/de\/wp-json\/wp\/v2\/types\/product"}],"replies":[{"embeddable":true,"href":"https:\/\/mjfashion.es\/de\/wp-json\/wp\/v2\/comments?post=992"}],"wp:featuredmedia":[{"embeddable":true,"href":"https:\/\/mjfashion.es\/de\/wp-json\/wp\/v2\/media\/995"}],"wp:attachment":[{"href":"https:\/\/mjfashion.es\/de\/wp-json\/wp\/v2\/media?parent=992"}],"curies":[{"name":"wp","href":"https:\/\/api.w.org\/{rel}","templated":true}]}}