{"id":107,"date":"2020-04-19T23:34:42","date_gmt":"2020-04-19T21:34:42","guid":{"rendered":"https:\/\/mjfashion.es\/?page_id=107"},"modified":"2020-08-03T20:01:44","modified_gmt":"2020-08-03T18:01:44","slug":"terms-and-conditions","status":"publish","type":"page","link":"https:\/\/mjfashion.es\/es\/terms-and-conditions\/","title":{"rendered":"T\u00e9rminos y Condiciones"},"content":{"rendered":"<p><a href=\"#scope\">1. Alcance<\/a><br \/>\n<a href=\"#partner\">2. Socio contractual<\/a><br \/>\n<a href=\"#conclusion\">3. Celebraci\u00f3n del contrato<\/a><br \/>\n<a href=\"#shipping\">4. Precios y gastos de env\u00edo<\/a><br \/>\n<a href=\"#payment\">5. Pago<\/a><br \/>\n<a href=\"#delivery\">6. Entrega<\/a><br \/>\n<a href=\"#retention\">7. Retenci\u00f3n del t\u00edtulo<\/a><br \/>\n<a href=\"#withdrawel\">8. Derecho de desistimiento<\/a><br \/>\n<a href=\"#dispute\">9. Soluci\u00f3n de controversias<\/a><br \/>\n<a href=\"#sampleform\">10. Muestra de formulario de cancelaci\u00f3n<\/a><\/p>\n<h4 id=\"scope\"> 1. Alcance <\/h4>\n<p>Estos t\u00e9rminos y condiciones se aplican a todos los pedidos y entregas de la tienda en l\u00ednea de la boutique Maria Jos\u00e9 bajo el dominio https:\/\/mjfashion.es a los consumidores.<br \/>\nUn consumidor es cualquier persona f\u00edsica que concluye una transacci\u00f3n legal con un prop\u00f3sito que en gran medida no puede atribuirse a su actividad profesional comercial o independiente.<\/p>\n<h4 id=\"partner\"> 2. Socio contractual <\/h4>\n<p>El contrato de compra se concluye con Diana Ivanova Tyurkmen, Carrer de Sant Andreu 28, 07650 Santany\u00ed, Islas Baleares, Espa\u00f1a, NIF Y2844872Q.<\/p>\n<h4 id=\"conclusion\"> 3. Celebraci\u00f3n del contrato <\/h4>\n<p>3.1 La presentaci\u00f3n de los productos en la tienda en l\u00ednea no es una oferta legalmente vinculante, sino solo una solicitud de pedido.<br \/>\n3.2 Al hacer clic en el bot\u00f3n \u00abRealizar el pedido\u00bb o en uno de los botones de PayPal \u00abPayPal\u00bb y \u00abSEPA\u00bb, realiza un pedido vinculante para los productos que figuran en la cesta de la compra o en la p\u00e1gina de pago. Su contrato de compra se concluye cuando aceptamos su pedido con una confirmaci\u00f3n de recibo por correo electr\u00f3nico inmediatamente despu\u00e9s de recibir su pedido.<\/p>\n<h4 id=\"shipping\"> 4. Precios y gastos de env\u00edo <\/h4>\n<p>4.1 Los precios indicados en las p\u00e1ginas del producto incluyen el IVA y otros componentes del precio.<br \/>\n4.2 Adem\u00e1s de los precios indicados, cobramos los gastos de env\u00edo. Los costos de env\u00edo a los pa\u00edses miembros de la Uni\u00f3n Europea y al Reino Unido son los siguientes:<\/p>\n<table>\n<tbody>\n<tr>\n<th><\/th>\n<th> Tarifa plana <\/th>\n<th> Env\u00edo gratuito <\/th>\n<th> Valor m\u00ednimo de pedido para env\u00edo gratuito <\/th>\n<\/tr>\n<tr>\n<td> Espa\u00f1a <\/td>\n<td> 3,99 \u20ac <\/td>\n<td> 0 \u20ac <\/td>\n<td> 30 \u20ac <\/td>\n<\/tr>\n<tr>\n<td> Otros pa\u00edses de la UE y Reino Unido <\/td>\n<td> 6,99 \u20ac <\/td>\n<td> 0 \u20ac <\/td>\n<td> 70 \u20ac <\/td>\n<\/tr>\n<\/tbody>\n<\/table>\n<p class=\"mj-smartphone\">(Visualizaci\u00f3n en un tel\u00e9fono inteligente: gire horizontalmente para visualizar bien la tabla)<\/p>\n<p>Estos costos se le comunicar\u00e1n claramente en la p\u00e1gina de la cesta y en la p\u00e1gina de pago, despu\u00e9s de ingresar su direcci\u00f3n de entrega.<\/p>\n<p>4.3 Puede <b>recoger su compra sin ning\u00fan costo de env\u00edo<\/b> directamente desde nuestra tienda en Santany\u00ed, despu\u00e9s de hacer una cita por tel\u00e9fono +34 634 693311 o WhatsApp.<br \/>\n4.4 Para <b>los pa\u00edses no pertenecientes a la UE que<\/b> no sean el Reino Unido, debe comunicarse con nosotros por tel\u00e9fono +34 634 693311 o correo electr\u00f3nico a info@mjfashion.es para solicitar un presupuesto de env\u00edo. Si acepta esa cotizaci\u00f3n de env\u00edo, le daremos instrucciones sobre c\u00f3mo proceder con el proceso de pago.<\/p>\n<h4 id=\"payment\"> 5. Pago <\/h4>\n<p>5.1 El pago puede hacerse mediante transferencia bancaria directa, mediante tarjeta de cr\u00e9dito o d\u00e9bito o mediante PayPal. Puede elegir la opci\u00f3n de pago en la p\u00e1gina de Pago.<br \/>\n5.2 Si paga con tarjeta de cr\u00e9dito o d\u00e9bito, recibiremos de inmediato la confirmaci\u00f3n del pago y podremos procesar su pedido.<br \/>\n5.3 Si elige PayPal, puede pagar con los m\u00e9todos de pago ofrecidos por PayPal, tambi\u00e9n si no tiene una cuenta PayPal. Recibiremos de inmediato la confirmaci\u00f3n del pago y podremos procesar su pedido.<br \/>\n5.4 Si elige Transferencia bancaria directa, debe transferir el monto total directamente a nuestra cuenta bancaria. Los detalles de la cuenta se muestran en la p\u00e1gina de Pedido recibido y en el correo electr\u00f3nico que confirma la recepci\u00f3n de su pedido. Utilice su ID de pedido como referencia de pago. Su pedido ser\u00e1 enviado una vez que los fondos se hayan liquidado en nuestra cuenta. Podemos enviarle un recordatorio por correo electr\u00f3nico despu\u00e9s de unos d\u00edas. En caso de que no recibamos los fondos dentro de los 5 d\u00edas a partir de la fecha del pedido, asumimos que desea retirar su pedido. En consecuencia, lo cancelaremos el pedido y volveremos a almacenar los productos.<\/p>\n<h4 id=\"delivery\"> 6. Entrega <\/h4>\n<p>6.1 Enviamos desde nuestra tienda en Santany\u00ed en Mallorca, como muy tarde al siguiente d\u00eda jornal despu\u00e9s de haber recibido su pedido y su pago.<br \/>\n6.2 El tiempo de entrega depende del pa\u00eds de destinatario. Fuera de Espa\u00f1a dentro de la UE, el tiempo de entrega normal es de 3 a 8 d\u00edas. Le proporcionaremos un n\u00famero de seguimiento, para que pueda seguir el curso de la entrega.<\/p>\n<h4 id=\"retention\">7. Retenci\u00f3n del t\u00edtulo <\/h4>\n<p>Los bienes siguen siendo de nuestra propiedad hasta que se haya realizado el pago completo. <\/p>\n<h4 id=\"withdrawel\"> 8. Derecho de desistimiento <\/h4>\n<p>8.1 Si usted es un consumidor (es decir, una persona f\u00edsica que realiza el pedido con un prop\u00f3sito que no puede atribuirse a su actividad profesional comercial o independiente), tiene derecho a desistir de acuerdo con las disposiciones legales.<br \/>\n8.2 Si usted, como consumidor, ejerce su derecho de desistimiento de acuerdo con la Secci\u00f3n 8.1, deber\u00e1 asumir los costos regulares de la devoluci\u00f3n. Para la devoluci\u00f3n, puede utilizar nuestra <b>direcci\u00f3n en Espa\u00f1a<\/b> o nuestra <b>direcci\u00f3n de devoluci\u00f3n en Alemania<\/b> a bajo.<br \/>\n8.3 Adem\u00e1s, se aplican las regulaciones, que se reproducen en detalle en la siguiente <b>Pol\u00edtica de cancelaci\u00f3n<\/b>:<\/p>\n<div style=\"margin-left: 1em; border-left: 3px solid rgba(0, 0, 0, 0.05); padding-left: 1em;\">\n<p><b>Derecho de desistimiento<\/b><\/p>\n<p>Usted tiene derecho a cancelar este contrato dentro de los catorce d\u00edas sin dar ninguna raz\u00f3n. El per\u00edodo de cancelaci\u00f3n es de catorce d\u00edas a partir del d\u00eda en que usted o un tercero nombrado por usted, que no es el transportista, ha tomado posesi\u00f3n de los bienes. Para ejercer su derecho de desistimiento, debe proporcionarnos a Diana Tyurkmen, Carrer de Sant Andreu 28, 07650 Santany\u00ed, Islas Baleares, Espa\u00f1a, info@mjfashion.es, con una declaraci\u00f3n clara (por ejemplo, una carta enviada por correo postal o electr\u00f3nico) de su decisi\u00f3n de cancelar este contrato. La declaraci\u00f3n debe contener su nombre, direcci\u00f3n, correo electr\u00f3nico, n\u00famero de pedido o fecha y los nombres del producto o productos que desea devolver. Puede utilizar el formulario de cancelaci\u00f3n de muestra adjunto, pero esto no es obligatorio. Si hace uso de esta opci\u00f3n, le enviaremos inmediatamente una confirmaci\u00f3n de recepci\u00f3n de dicha revocaci\u00f3n (por ejemplo, por correo electr\u00f3nico).<\/p>\n<p>Para cumplir con el plazo de cancelaci\u00f3n, es suficiente que env\u00ede su comunicaci\u00f3n sobre el ejercicio del derecho de cancelaci\u00f3n antes de que expire el per\u00edodo de cancelaci\u00f3n.<\/p>\n<p><b>Consecuencias de la cancelaci\u00f3n<\/b><\/p>\n<p>Si cancela este contrato, tendremos que devolver todos los pagos que hemos recibido de usted, incluidos los costos de env\u00edo (con la excepci\u00f3n de los costos adicionales para el env\u00edo a pa\u00edses no pertenecientes a la UE y al Reino Unido o para su elecci\u00f3n de un tipo de entrega diferente al est\u00e1ndar), inmediatamente despu\u00e9s de que hayamos recibido los productos. Para este reembolso, utilizamos el mismo medio de pago que utiliz\u00f3 en la transacci\u00f3n original, a menos que se acuerde expresamente lo contrario con usted; bajo ninguna circunstancia se le cobrar\u00e1 ninguna tarifa por este reembolso.<\/p>\n<p>Debe devolver los productos de inmediato y, en cualquier caso, dentro de los catorce d\u00edas a partir de la fecha en que nos informa de la cancelaci\u00f3n de este contrato. El plazo se cumple si env\u00eda los productos antes de que expire el per\u00edodo de catorce d\u00edas. Usted asume los costos directos de la devoluci\u00f3n. Puede devolver los productos a nuestra boutique en <b>Mallorca<\/b>: <\/p>\n<p>Diana Tyurkmen, Carrer de Sant Andreu 28, 07650 Santany\u00ed, Islas Baleares, Espa\u00f1a<\/p>\n<p>o a nuestra direcci\u00f3n en <b>Alemania<\/b>: <\/p>\n<p>Diana Tyurkmen, Hauptstrasse 64c, 30916 Isernhagen, Alemania<\/p>\n<p>Puede devolver o cambiar los productos en nuestra tienda en Santany\u00ed sin costos de devoluci\u00f3n. Por favor llame o WhatApp al +34 634 693311 para hacer una cita.<\/p>\n<p>Verificamos a fondo cada producto antes de que se env\u00ede. Al igual le pedimos que los env\u00ede sin da\u00f1os o desperfectos. Solo tiene que pagar por cualquier p\u00e9rdida de valor de los productos, si esta p\u00e9rdida de valor se debe a una manipulaci\u00f3n que no es necesaria para verificar la naturaleza, las propiedades y la funcionalidad de los productos. Puede probar los productos, pero los productos devueltos no deben usarse ni da\u00f1arse.\n<\/p><\/div>\n<h4 id=\"dispute\"> 9. Soluci\u00f3n de controversias <\/h4>\n<p>La Comisi\u00f3n de la UE ha creado una plataforma de internet para la resoluci\u00f3n de disputas en l\u00ednea. La plataforma sirve como punto de contacto para la soluci\u00f3n extrajudicial de disputas relacionadas con obligaciones contractuales derivadas de contratos de venta en l\u00ednea. Hay m\u00e1s informaci\u00f3n disponible en el siguiente enlace: <a href=\"https:\/\/ec.europa.eu\/consumers\/odr?lng=ES\" target=\"_blank\" rel=\"noopener noreferrer\">Resoluci\u00f3n de litigios en l\u00ednea<\/a>. No estamos dispuestos ni obligados a participar en un procedimiento de soluci\u00f3n de controversias ante una junta de arbitraje de consumidores.<\/p>\n<h4 id=\"sampleform\"> 10. Muestra de formulario de cancelaci\u00f3n <\/h4>\n<p>Puede copiar e imprimir el siguiente formulario de cancelaci\u00f3n de muestra, o copiarlo y pegarlo directamente en un correo electr\u00f3nico, donde se puede completar:<\/p>\n<p>A<br \/>\nDiana Tyurkmen<br \/>\nCarrer de Sant Andreu 28<br \/>\n07650 Santany\u00ed<br \/>\nIslas Baleares, Espa\u00f1a<\/p>\n<p>Tel\u00e9fono: +34 634 693311<br \/>\nCorreo electr\u00f3nico: info@mjfashion.es<\/p>\n<p>Por la presente, cancelo el contrato celebrado por m\u00ed para la compra de los siguientes productos<\/p>\n<p>________________________________________________________<\/p>\n<p>________________________________________________________<\/p>\n<p>Pedido # _____ Pedido el _________ recibido el ________<\/p>\n<p>Nombre del consumidor <\/p>\n<p>________________________________________________________<\/p>\n<p>Direcci\u00f3n del consumidor <\/p>\n<p>________________________________________________________<\/p>\n<p>Correo electr\u00f3nico del consumidor <\/p>\n<p>________________________________________________________<\/p>\n<p>Firma del consumidor (si se presenta en papel) <\/p>\n<p>_________________________<\/p>\n<p>Fecha<\/p>\n","protected":false},"excerpt":{"rendered":"<p>1. Alcance 2. Socio contractual 3. Celebraci\u00f3n del contrato 4. Precios y gastos de env\u00edo 5. Pago 6. Entrega 7. Retenci\u00f3n del t\u00edtulo 8. Derecho de desistimiento 9. Soluci\u00f3n de controversias 10. Muestra de formulario de cancelaci\u00f3n 1. Alcance Estos t\u00e9rminos y condiciones se aplican a todos los pedidos y entregas de la tienda en [&hellip;]<\/p>\n","protected":false},"author":1,"featured_media":0,"parent":0,"menu_order":0,"comment_status":"closed","ping_status":"closed","template":"","meta":[],"_links":{"self":[{"href":"https:\/\/mjfashion.es\/es\/wp-json\/wp\/v2\/pages\/107"}],"collection":[{"href":"https:\/\/mjfashion.es\/es\/wp-json\/wp\/v2\/pages"}],"about":[{"href":"https:\/\/mjfashion.es\/es\/wp-json\/wp\/v2\/types\/page"}],"author":[{"embeddable":true,"href":"https:\/\/mjfashion.es\/es\/wp-json\/wp\/v2\/users\/1"}],"replies":[{"embeddable":true,"href":"https:\/\/mjfashion.es\/es\/wp-json\/wp\/v2\/comments?post=107"}],"version-history":[{"count":4,"href":"https:\/\/mjfashion.es\/es\/wp-json\/wp\/v2\/pages\/107\/revisions"}],"predecessor-version":[{"id":2261,"href":"https:\/\/mjfashion.es\/es\/wp-json\/wp\/v2\/pages\/107\/revisions\/2261"}],"wp:attachment":[{"href":"https:\/\/mjfashion.es\/es\/wp-json\/wp\/v2\/media?parent=107"}],"curies":[{"name":"wp","href":"https:\/\/api.w.org\/{rel}","templated":true}]}}