{"id":3,"date":"2020-04-17T13:39:12","date_gmt":"2020-04-17T11:39:12","guid":{"rendered":"https:\/\/www.mjfashion.es\/?page_id=3"},"modified":"2020-07-22T02:01:08","modified_gmt":"2020-07-22T00:01:08","slug":"privacy-policy","status":"publish","type":"page","link":"https:\/\/mjfashion.es\/es\/privacy-policy\/","title":{"rendered":"Pol\u00edtica de privacidad"},"content":{"rendered":"\r\n<h3 id=\"impressum\">Quienes somos<\/h3>\r\n\r\n\r\n\r\n<p>La direcci\u00f3n de nuestro sitio web es: https:\/\/mjfashion.es. Soy Diana, la due\u00f1a de la Boutique Maria Jos\u00e9 en Santany\u00ed. Soy responsable de este sitio web.<\/p>\r\n<p>Diana Ivanova Tyurkmen <br \/>Carrer de Sant Andreu 28 <br \/>07650 Santany\u00ed <br \/>Islas Baleares <br \/>Espa\u00f1a <br \/>Tel\u00e9fono: +34 634693311 <br \/>Correo electr\u00f3nico: info@mjfashion.es <br \/>NIF: Y2844872Q<\/p>\r\n\r\n\r\n\r\n<h3>Nota legal<\/h3>\r\n\r\n<p>Los contenidos de este sitio web fueron preparados con sumo cuidado. No obstante, no podemos asumir responsabilidad por la precisi\u00f3n intemporal y la integridad de la informaci\u00f3n.<\/p>\r\n<p><span id=\"boutique\">Nuestro sitio web contiene enlaces a sitios web externos.<\/span> Como el contenido de estos sitios web de terceros est\u00e1 fuera de nuestro control, no podemos aceptar responsabilidad por ellos. La responsabilidad del contenido de las p\u00e1ginas enlazadas siempre es responsabilidad del proveedor u operador de las p\u00e1ginas.<\/p>\r\n\r\n<h3>Qu\u00e9 datos personales recopilamos y por qu\u00e9 los recopilamos<\/h3>\r\n\r\n<p>Puede visitar nuestro sitio web sin que recopilemos sus datos personales. Los datos personales solo se recopilan si nos los proporciona voluntariamente para la ejecuci\u00f3n de un contrato, al registrar una cuenta de cliente o al contactarnos. Sin su consentimiento expreso, estos datos se utilizan \u00fanicamente para procesar contratos y procesar sus consultas y pedidos. Despu\u00e9s de la finalizaci\u00f3n del contrato, sus datos se almacenar\u00e1n teniendo en cuenta la retenci\u00f3n de la ley fiscal y comercial, pero se bloquear\u00e1n para otros usos, a menos que haya dado su consentimiento expreso para el uso posterior de sus datos.<\/p>\r\n<p>Adem\u00e1s, se utilizar\u00e1 su direcci\u00f3n de correo electr\u00f3nico cuando haya aceptado recibir nuestro bolet\u00edn electr\u00f3nico. Utilizamos su direcci\u00f3n solo para nuestros propios fines publicitarios en forma de un bolet\u00edn informativo por correo electr\u00f3nico.<\/p>\r\n<p>Dependiendo de cada caso, para los fines explicados anteriormente, recopilamos y procesamos los siguientes datos: <br \/>\r\n&#8211; sus datos de identidad (su nombre, apellido, idioma, direcci\u00f3n, pa\u00eds, tel\u00e9fono, correo electr\u00f3nico) <br \/>\r\n&#8211; informaci\u00f3n de transacciones (informaci\u00f3n sobre su carrito de compras, pedidos, pagos, devoluciones) <br \/>\r\n&#8211; datos de conexi\u00f3n (direcci\u00f3n IP, tipo de navegador) <br \/>\r\n&#8211; informaci\u00f3n comercial (aceptaci\u00f3n de la pol\u00edtica de privacidad y los t\u00e9rminos y condiciones, y si acept\u00f3 recibir nuestro bolet\u00edn) <br \/>\r\nSobre sus pagos, guardamos la opci\u00f3n de pago seleccionada y un token de transacci\u00f3n. No almacenamos ninguna informaci\u00f3n sobre su cuenta ni informaci\u00f3n sobre su tarjeta de cr\u00e9dito (opcional, con la excepci\u00f3n de los \u00faltimos 4 d\u00edgitos del n\u00famero de tarjeta, ver abajo).<\/p>\r\n\r\n<h3 id=\"cookie-policy\">Cookies<\/h3>\r\n\r\n\r\n<p>Puede ajustar su configuraci\u00f3n de consentimiento de cookies <a class=\"mj-accept\" href=\"#\">aqu\u00ed<\/a> .<\/p>\r\n<p>Las cookies son peque\u00f1as piezas de datos, almacenadas en archivos de texto, que el navegador web almacena en su computadora u otro dispositivo cuando se cargan los sitios web.<\/p>\r\n<p>Se usan ampliamente para \u00abrecordarlo\u00bb a usted y sus preferencias, ya sea para una sola visita a trav\u00e9s de una \u00abcookie de sesi\u00f3n\u00bb o para m\u00faltiples visitas repetidas utilizando una \u00abcookie persistente\u00bb. Aseguran una experiencia consistente y eficiente para los visitantes, y realizan funciones esenciales como permitir que los usuarios se registren y permanezcan conectados.<\/p>\r\n<p>Las cookies pueden ser establecidas por el sitio que est\u00e1 visitando, conocidas como \u00abcookies de origen\u00bb; o por terceros, como aquellos que sirven contenido o brindan otros servicios en el sitio web, conocidos como \u00abcookies de terceros\u00bb.<\/p>\r\n\r\n\r\n<p>Si visita nuestro sitio, configuraremos cookies de origen, que son <b>necesarias<\/b> para que el sitio web funcione para su prop\u00f3sito principal. Estas son cookies de sesi\u00f3n para guardar su informaci\u00f3n de inicio de sesi\u00f3n y conectar las solicitudes de su navegador con su sesi\u00f3n en nuestro servidor web, para recordar las configuraciones que realiz\u00f3 y los datos que ingres\u00f3 durante su sesi\u00f3n, para mostrar sus productos vistos recientemente durante su sesi\u00f3n, para administrar su carrito de compras y El proceso de pago. Hay una cookie para recordar su carrito de compras m\u00e1s all\u00e1 de su sesi\u00f3n actual, que persiste durante dos d\u00edas, con la esperanza de que regrese hasta entonces para completar su pedido. Si selecciona \u00abRecordarme\u00bb en la p\u00e1gina de inicio de sesi\u00f3n, su inicio de sesi\u00f3n persistir\u00e1 durante dos semanas. Si cierra sesi\u00f3n en su cuenta, se eliminar\u00e1n las cookies de inicio de sesi\u00f3n. Su configuraci\u00f3n de consentimiento de cookies se guarda en una cookie, que persistir\u00e1 durante un a\u00f1o, a menos que cambie su configuraci\u00f3n de antemano.<\/p>\r\n<p>Para pagos, usamos PayPal y Braintree, un PayPal Service, como proveedores de servicios de pago, ver m\u00e1s abajo. Cuando abra la p\u00e1gina de Pago, PayPal y Braintree le enviar\u00e1n cookies, siendo terceros en este caso. Para obtener m\u00e1s informaci\u00f3n, lea la <a href=\"https:\/\/www.paypal.com\/es\/webapps\/mpp\/ua\/cookie-full\" target=\"_blank\" rel=\"noopener noreferrer\">Declaraci\u00f3n de PayPal sobre cookies y tecnolog\u00edas de seguimiento<\/a>.<\/p>\r\n<p>Adem\u00e1s de las cookies necesarias, existen cookies para las cuales tenemos que pedirle <b>su consentimiento<\/b> cuando visita el sitio web por primera vez. Estas cookies sirven para las siguientes caracter\u00edsticas: <br \/>&#8211; Una cookie propia para recordar el idioma elegido, que persiste durante un a\u00f1o. <br \/>&#8211; Cookies de terceros de Google para presentar Google Map y cookies de terceros de Facebook y Twitter para los complementos sociales que muestran los botones Me gusta y Compartir en nuestras p\u00e1ginas. Para obtener m\u00e1s informaci\u00f3n sobre sus pol\u00edticas, puede leer la <a href=\"https:\/\/policies.google.com\/privacy?hl=es\" target=\"_blank\" rel=\"noopener noreferrer\">Pol\u00edtica de Privacidad de Google<\/a> , la <a href=\"https:\/\/www.facebook.com\/policy.php\" target=\"_blank\" rel=\"noopener noreferrer\">Pol\u00edtica de privacidad de Facebook<\/a> y la <a href=\"https:\/\/twitter.com\/es\/privacy\" target=\"_blank\" rel=\"noopener noreferrer\">Pol\u00edtica de Privacidad de Twitter<\/a>. <br \/>\r\nPuede utilizar estas funciones, si acepta las cookies asociadas, cuando se le solicite su consentimiento de cookies. Si elige aceptar <b>solo<\/b> las cookies <b>necesarias<\/b>, a\u00fan puede usar nuestro sitio web. Pero las caracter\u00edsticas mencionadas anteriormente no estar\u00e1n disponibles.<\/p>\r\n<p>Puede ajustar la configuraci\u00f3n de consentimiento de cookies para nuestro sitio web en cualquier momento <a class=\"mj-accept\" href=\"#\">aqu\u00ed<\/a> .<\/p>\r\n<p>Puede ver o eliminar cookies de su navegador o cambiar la configuraci\u00f3n de cookies en su navegador. Aqu\u00ed encontrar\u00e1 informaci\u00f3n espec\u00edfica para algunos navegadores de uso frecuente: <br \/>\r\n<a href=\"https:\/\/support.mozilla.org\/es\/kb\/cookies-informacion-que-los-sitios-web-guardan-en-\" target=\"_blank\" rel=\"noopener noreferrer\">Firefox<\/a><br \/>\r\n<a href=\"http:\/\/support.google.com\/chrome\/bin\/answer.py?hl=es&amp;answer=95647\" target=\"_blank\" rel=\"noopener noreferrer\">Chrome<\/a><br \/>\r\n<a href=\"https:\/\/support.apple.com\/es-es\/guide\/safari\/sfri11471\/mac\" target=\"_blank\" rel=\"noopener noreferrer\">Safari Mac<\/a><br \/>\r\n<a href=\"https:\/\/support.apple.com\/es-es\/HT201265\" target=\"_blank\" rel=\"noopener noreferrer\">Safari iOS<\/a><br \/>\r\n<a href=\"https:\/\/support.microsoft.com\/es-es\/help\/278835\/how-to-delete-cookie-files-in-internet-explorer\" target=\"_blank\" rel=\"noopener noreferrer\">Internet Explorer<\/a><br \/>\r\n<a href=\"https:\/\/support.microsoft.com\/es-es\/help\/4027947\/windows-delete-cookies?tid=311111093\" target=\"_blank\" rel=\"noopener noreferrer\">Microsoft Edge<\/a><\/p>\r\n\r\n\r\n\r\n<h3>Contenido incrustado de otros sitios web<\/h3>\r\n\r\n\r\n\r\n<p>Las p\u00e1ginas de este sitio pueden incluir contenido incrustado (por ejemplo, videos, im\u00e1genes, art\u00edculos, etc.). El contenido incrustado de otros sitios web se comporta exactamente de la misma manera que si el visitante hubiera visitado el otro sitio web.<\/p>\r\n<p><b>Solo si dio su consentimiento<\/b> para las cookies mencionadas en la secci\u00f3n anterior sobre cookies de terceros, el Mapa de Google y los complementos sociales de Facebook y Twitter se utilizan en nuestras p\u00e1ginas para hacer que el sitio web sea una experiencia m\u00e1s personal.<\/p>\r\n\r\n\r\n\r\n<p>Cuando abre una p\u00e1gina de nuestro sitio que contiene el mapa de Google o los botones Me gusta, Compartir de Facebook y Twittear, se crea una conexi\u00f3n directa entre su navegador y los servidores de Google, Facebook o Twitter, y se les informa que ha visitado nuestro sitio desde su direcci\u00f3n IP. Si ha iniciado sesi\u00f3n en Google, Facebook o Twitter, pueden hacer coincidir su visita a nuestro sitio con su cuenta de Google, Facebook o Twitter, respectivamente. Cuando interact\u00faa con los complementos sociales, por ejemplo, mediante los botones Me gusta, Compartir o Twittear, la informaci\u00f3n relevante se env\u00eda directamente a un servidor de Facebook o Twitter y se almacena all\u00ed. Esto sucede cuando comparte y recomienda nuestra tienda en l\u00ednea en Facebook y Twitter, <span style=\"color: #0078c0;\">y nos complace que lo haga<\/span>.<\/p>\r\n<p>Puede leer m\u00e1s en la <a href=\"https:\/\/policies.google.com\/privacy?hl=es\" target=\"_blank\" rel=\"noopener noreferrer\">Pol\u00edtica de Privacidad de Google<\/a> , la <a href=\"https:\/\/www.facebook.com\/policy.php\" target=\"_blank\" rel=\"noopener noreferrer\">Pol\u00edtica de Privacidad de Facebook<\/a> y la <a href=\"https:\/\/twitter.com\/es\/privacy\" target=\"_blank\" rel=\"noopener noreferrer\">Pol\u00edtica de Privacidad de Twitter<\/a>.<\/p>\r\n<p>Nuestro sitio web utiliza fuentes de Google. Esto significa que su navegador descargar\u00e1 archivos de fuentes de fonts.googleapis.com y fonts.gstatic.com. Seg\u00fan Google, este servicio est\u00e1 completamente aislado de otros servicios de Google. No se establecer\u00e1n cookies.<\/p>\r\n\r\n\r\n\r\n\r\n\r\n<h3>Con qui\u00e9n compartimos sus datos<\/h3>\r\n<p>Trabajamos con PayPal y Braintree, un PayPal Service, como proveedores de servicios de pago. Si elige pagar con Tarjetas o PayPal, enviaremos su pedido, incluida la direcci\u00f3n y los detalles del pago a Braintree rsp. PayPal (Europa) S.\u00e0 r.l. et Cie, S.C.A., 22-24 Boulevard Royal, L-2449 Luxemburgo. <br \/>\r\nSi elige el pago a trav\u00e9s de Tarjetas, los detalles de su tarjeta se env\u00edan directamente desde su navegador a Braintree\/PayPal. No tenemos acceso a los detalles de su tarjeta. Si selecciona guardar su tarjeta para compras futuras, los detalles de su tarjeta se guardan de forma segura en una caja fuerte de Braintree. Recibiremos solo los \u00faltimos cuatro d\u00edgitos del n\u00famero de tarjeta como referencia. <br \/>\r\nSi elige PayPal, su navegador abre una nueva ventana para cargar la p\u00e1gina correspondiente de PayPal. Una vez completado el pago, guardaremos un token de transacci\u00f3n de identificador de pago \u00fanico. <br \/>\r\nPuede leer la <a href=\"https:\/\/www.paypal.com\/es\/webapps\/mpp\/ua\/privacy-full\" target=\"_blank\" rel=\"noopener noreferrer\">Declaraci\u00f3n de privacidad de PayPal aqu\u00ed<\/a>.<\/p>\r\n<p>Para entregar su compra, si elige una opci\u00f3n de env\u00edo que no sea recoger en nuestra tienda, le enviaremos su nombre, direcci\u00f3n, correo electr\u00f3nico y n\u00famero de tel\u00e9fono a la compa\u00f1\u00eda de transporte designada por nosotros. Puede darnos una nota si no desea que su correo electr\u00f3nico o n\u00famero de tel\u00e9fono se reenv\u00eden a la empresa de transporte.<\/p>\r\n\r\n\r\n\r\n<h3>Cu\u00e1nto tiempo conservamos sus datos<\/h3>\r\n\r\n\r\n\r\n<p>Datos personales del pedido completado: 2 a\u00f1os <br \/>\r\nDatos personales del pedido cancelado: 2 a\u00f1os <br \/>\r\nDatos personales del pedido pendiente o fallido: 7 d\u00edas <br \/>\r\nCuentas inactivas: 2 a\u00f1os.<\/p>\r\n\r\n\r\n\r\n<h3>Qu\u00e9 derechos tienes sobre tus datos<\/h3>\r\n\r\n\r\n\r\n<p>Si tiene una cuenta en este sitio o ha dejado comentarios, puede solicitar recibir un archivo exportado de los datos personales que tenemos sobre usted, incluidos los datos que nos haya proporcionado. Tambi\u00e9n puede solicitar que borremos cualquier informaci\u00f3n personal que tengamos sobre usted. Esto no incluye ning\u00fan dato que estemos obligados a conservar con fines administrativos, legales o de seguridad. <br \/>Env\u00ede su solicitud a Diana Tyurkmen por correo electr\u00f3nico a <a title=\"info@mjfashion.es\" href=\"mailto:info@mjfashion.es\" target=\"_blank\" rel=\"noopener noreferrer\">info@mjfashion.es<\/a> .<\/p>\r\n\r\n\r\n\r\n<h3>C\u00f3mo protegemos sus datos<\/h3>\r\n\r\n<p>Mantenemos medidas de seguridad t\u00e9cnicas y administrativas dise\u00f1adas para proporcionar protecci\u00f3n razonable para sus Datos personales contra p\u00e9rdida, mal uso, acceso no autorizado, divulgaci\u00f3n y alteraci\u00f3n. Si bien nos dedicamos a proteger nuestros sistemas y servicios, usted es responsable de proteger y mantener la privacidad de su contrase\u00f1a y la informaci\u00f3n de registro de la cuenta.<\/p>\r\n\r\n<h3>Cont\u00e1ctenos<\/h3>\r\n\r\n\r\n\r\n<p>Puede contactarnos si tiene preguntas o inquietudes generales sobre esta Pol\u00edtica de privacidad o la forma en que manejamos sus Datos personales. Env\u00ede un correo electr\u00f3nico a <a title=\"info@mjfashion.es\" href=\"mailto:info@mjfashion.es\" target=\"_blank\" rel=\"noopener noreferrer\">info@mjfashion.es<\/a> o ll\u00e1menos al <a title=\"tel:\" href=\"tel:+34634693311\">+34 634693311<\/a> .<\/p>\r\n","protected":false},"excerpt":{"rendered":"<p>Quienes somos La direcci\u00f3n de nuestro sitio web es: https:\/\/mjfashion.es. Soy Diana, la due\u00f1a de la Boutique Maria Jos\u00e9 en Santany\u00ed. Soy responsable de este sitio web. Diana Ivanova Tyurkmen Carrer de Sant Andreu 28 07650 Santany\u00ed Islas Baleares Espa\u00f1a Tel\u00e9fono: +34 634693311 Correo electr\u00f3nico: info@mjfashion.es NIF: Y2844872Q Nota legal Los contenidos de este sitio [&hellip;]<\/p>\n","protected":false},"author":1,"featured_media":0,"parent":0,"menu_order":0,"comment_status":"closed","ping_status":"closed","template":"","meta":[],"_links":{"self":[{"href":"https:\/\/mjfashion.es\/es\/wp-json\/wp\/v2\/pages\/3"}],"collection":[{"href":"https:\/\/mjfashion.es\/es\/wp-json\/wp\/v2\/pages"}],"about":[{"href":"https:\/\/mjfashion.es\/es\/wp-json\/wp\/v2\/types\/page"}],"author":[{"embeddable":true,"href":"https:\/\/mjfashion.es\/es\/wp-json\/wp\/v2\/users\/1"}],"replies":[{"embeddable":true,"href":"https:\/\/mjfashion.es\/es\/wp-json\/wp\/v2\/comments?post=3"}],"version-history":[{"count":3,"href":"https:\/\/mjfashion.es\/es\/wp-json\/wp\/v2\/pages\/3\/revisions"}],"predecessor-version":[{"id":2249,"href":"https:\/\/mjfashion.es\/es\/wp-json\/wp\/v2\/pages\/3\/revisions\/2249"}],"wp:attachment":[{"href":"https:\/\/mjfashion.es\/es\/wp-json\/wp\/v2\/media?parent=3"}],"curies":[{"name":"wp","href":"https:\/\/api.w.org\/{rel}","templated":true}]}}