{"id":86,"date":"2020-04-19T22:14:10","date_gmt":"2020-04-19T20:14:10","guid":{"rendered":"https:\/\/mjfashion.es\/?page_id=86"},"modified":"2021-03-20T19:53:36","modified_gmt":"2021-03-20T18:53:36","slug":"our-location","status":"publish","type":"page","link":"https:\/\/mjfashion.es\/es\/our-location\/","title":{"rendered":"Nuestra tienda"},"content":{"rendered":"<h3>Visite nuestra tienda en Santany\u00ed, a solo 40 metros de la Pla\u00e7a Major:<\/h3>\n<div class=\"mj-social map-container\"><iframe class=\"mj-iframe\" frameborder=\"0\" scrolling=\"no\" marginheight=\"0\" marginwidth=\"0\" data-src=\"https:\/\/www.google.com\/maps\/embed\/v1\/place?key=AIzaSyBvrO1LXUxM8StH4uKTXyLee4lycUhE-Eo&amp;q=place_id:ChIJvz_BOoVUlhIR_r8n2m09IS0&amp;zoom=17&amp;language=es_ES&amp;attribution_source=Maria+Jos\u00e9&amp;attribution_web_url=https:\/\/mjfashion.es&amp;attribution_ios_deep_link_id=comgooglemaps:\/\/?q=place_id:ChIJvz_BOoVUlhIR_r8n2m09IS0\" ><\/iframe><\/div>\n<p class=\"mj-no\">El mapa de Google no se puede mostrar aqu\u00ed debido a la configuraci\u00f3n de aceptaci\u00f3n de cookies. Puedes ajustar tu configuraci\u00f3n <a class=\"mj-accept\" href=\"#\">aqu\u00ed<\/a>.<\/p>\n","protected":false},"excerpt":{"rendered":"<p>Visite nuestra tienda en Santany\u00ed, a solo 40 metros de la Pla\u00e7a Major: El mapa de Google no se puede mostrar aqu\u00ed debido a la configuraci\u00f3n de aceptaci\u00f3n de cookies. Puedes ajustar tu configuraci\u00f3n aqu\u00ed.<\/p>\n","protected":false},"author":1,"featured_media":0,"parent":0,"menu_order":0,"comment_status":"closed","ping_status":"closed","template":"","meta":[],"_links":{"self":[{"href":"https:\/\/mjfashion.es\/es\/wp-json\/wp\/v2\/pages\/86"}],"collection":[{"href":"https:\/\/mjfashion.es\/es\/wp-json\/wp\/v2\/pages"}],"about":[{"href":"https:\/\/mjfashion.es\/es\/wp-json\/wp\/v2\/types\/page"}],"author":[{"embeddable":true,"href":"https:\/\/mjfashion.es\/es\/wp-json\/wp\/v2\/users\/1"}],"replies":[{"embeddable":true,"href":"https:\/\/mjfashion.es\/es\/wp-json\/wp\/v2\/comments?post=86"}],"version-history":[{"count":4,"href":"https:\/\/mjfashion.es\/es\/wp-json\/wp\/v2\/pages\/86\/revisions"}],"predecessor-version":[{"id":2343,"href":"https:\/\/mjfashion.es\/es\/wp-json\/wp\/v2\/pages\/86\/revisions\/2343"}],"wp:attachment":[{"href":"https:\/\/mjfashion.es\/es\/wp-json\/wp\/v2\/media?parent=86"}],"curies":[{"name":"wp","href":"https:\/\/api.w.org\/{rel}","templated":true}]}}