{"id":1060,"date":"2020-05-22T17:44:46","date_gmt":"2020-05-22T15:44:46","guid":{"rendered":"https:\/\/mjfashion.es\/?post_type=product&#038;p=1060"},"modified":"2020-07-22T17:20:29","modified_gmt":"2020-07-22T15:20:29","slug":"mini-bag-with-chain","status":"publish","type":"product","link":"https:\/\/mjfashion.es\/es\/producto\/mini-bag-with-chain\/","title":{"rendered":"Mini Bolso con Cadena"},"content":{"rendered":"<p>Colores: disponible en rojo, rosa claro, blanco, naranja, marr\u00f3n, verde claro, dorado, azul oscuro<br \/>\nTalla: 10 cm x 17 cm<\/p>\n","protected":false},"excerpt":{"rendered":"<p>Funda de piel sint\u00e9tica con correa de hombro extra\u00edble con cadena. Cierre de bot\u00f3n a presi\u00f3n. Disponible en ocho colores modernos diferentes. El tama\u00f1o es perfecto para un tel\u00e9fono m\u00f3vil y peque\u00f1as cosas personales.<\/p>\n","protected":false},"featured_media":1064,"comment_status":"open","ping_status":"closed","template":"","meta":[],"_links":{"self":[{"href":"https:\/\/mjfashion.es\/es\/wp-json\/wp\/v2\/product\/1060"}],"collection":[{"href":"https:\/\/mjfashion.es\/es\/wp-json\/wp\/v2\/product"}],"about":[{"href":"https:\/\/mjfashion.es\/es\/wp-json\/wp\/v2\/types\/product"}],"replies":[{"embeddable":true,"href":"https:\/\/mjfashion.es\/es\/wp-json\/wp\/v2\/comments?post=1060"}],"wp:featuredmedia":[{"embeddable":true,"href":"https:\/\/mjfashion.es\/es\/wp-json\/wp\/v2\/media\/1064"}],"wp:attachment":[{"href":"https:\/\/mjfashion.es\/es\/wp-json\/wp\/v2\/media?parent=1060"}],"curies":[{"name":"wp","href":"https:\/\/api.w.org\/{rel}","templated":true}]}}