{"id":1090,"date":"2020-05-22T18:06:30","date_gmt":"2020-05-22T16:06:30","guid":{"rendered":"https:\/\/mjfashion.es\/?post_type=product&#038;p=1090"},"modified":"2020-09-12T09:40:59","modified_gmt":"2020-09-12T07:40:59","slug":"cross-body-mini-bag","status":"publish","type":"product","link":"https:\/\/mjfashion.es\/es\/producto\/cross-body-mini-bag\/","title":{"rendered":"Mini bolso cruzado"},"content":{"rendered":"<p>Colores: disponible en negro, azul oscuro y rosa dorado<br \/>\nTalla: 13 cm x 18 cm<\/p>\n","protected":false},"excerpt":{"rendered":"<p>Funda de piel sint\u00e9tica para tel\u00e9fono m\u00f3vil. Correa de hombro extra\u00edble para usar diagonal a trav\u00e9s del pecho o alrededor del cuello. Cierre frontal de metal mariposa.<\/p>\n","protected":false},"featured_media":1074,"comment_status":"open","ping_status":"closed","template":"","meta":[],"_links":{"self":[{"href":"https:\/\/mjfashion.es\/es\/wp-json\/wp\/v2\/product\/1090"}],"collection":[{"href":"https:\/\/mjfashion.es\/es\/wp-json\/wp\/v2\/product"}],"about":[{"href":"https:\/\/mjfashion.es\/es\/wp-json\/wp\/v2\/types\/product"}],"replies":[{"embeddable":true,"href":"https:\/\/mjfashion.es\/es\/wp-json\/wp\/v2\/comments?post=1090"}],"wp:featuredmedia":[{"embeddable":true,"href":"https:\/\/mjfashion.es\/es\/wp-json\/wp\/v2\/media\/1074"}],"wp:attachment":[{"href":"https:\/\/mjfashion.es\/es\/wp-json\/wp\/v2\/media?parent=1090"}],"curies":[{"name":"wp","href":"https:\/\/api.w.org\/{rel}","templated":true}]}}