{"id":1094,"date":"2020-05-22T18:22:08","date_gmt":"2020-05-22T16:22:08","guid":{"rendered":"https:\/\/mjfashion.es\/?post_type=product&#038;p=1094"},"modified":"2020-07-29T23:27:50","modified_gmt":"2020-07-29T21:27:50","slug":"cross-body-animal-print-pouch","status":"publish","type":"product","link":"https:\/\/mjfashion.es\/es\/producto\/cross-body-animal-print-pouch\/","title":{"rendered":"Bolsa con estampado animal"},"content":{"rendered":"<p>Colores: disponible en rosa, verde y azul<br \/>\nTalla: 12 cm x 18 cm<\/p>\n","protected":false},"excerpt":{"rendered":"<p>Funda de piel sint\u00e9tica con estampado de pit\u00f3n para tel\u00e9fono m\u00f3vil. Correa de hombro extra\u00edble para usar en forma diagonal a trav\u00e9s del pecho o alrededor del cuello. Im\u00e1n oculto cierre de bot\u00f3n a presi\u00f3n. Detalle decorativo en la parte delantera.<\/p>\n","protected":false},"featured_media":1080,"comment_status":"open","ping_status":"closed","template":"","meta":[],"_links":{"self":[{"href":"https:\/\/mjfashion.es\/es\/wp-json\/wp\/v2\/product\/1094"}],"collection":[{"href":"https:\/\/mjfashion.es\/es\/wp-json\/wp\/v2\/product"}],"about":[{"href":"https:\/\/mjfashion.es\/es\/wp-json\/wp\/v2\/types\/product"}],"replies":[{"embeddable":true,"href":"https:\/\/mjfashion.es\/es\/wp-json\/wp\/v2\/comments?post=1094"}],"wp:featuredmedia":[{"embeddable":true,"href":"https:\/\/mjfashion.es\/es\/wp-json\/wp\/v2\/media\/1080"}],"wp:attachment":[{"href":"https:\/\/mjfashion.es\/es\/wp-json\/wp\/v2\/media?parent=1094"}],"curies":[{"name":"wp","href":"https:\/\/api.w.org\/{rel}","templated":true}]}}