{"id":1098,"date":"2020-05-22T18:44:40","date_gmt":"2020-05-22T16:44:40","guid":{"rendered":"https:\/\/mjfashion.es\/?post_type=product&#038;p=1098"},"modified":"2020-07-22T17:20:29","modified_gmt":"2020-07-22T15:20:29","slug":"snake-skin-small-bag","status":"publish","type":"product","link":"https:\/\/mjfashion.es\/es\/producto\/snake-skin-small-bag\/","title":{"rendered":"Bolso peque\u00f1o de piel de serpiente"},"content":{"rendered":"<p>Colores: disponible en azafr\u00e1n y marr\u00f3n<\/p>\n","protected":false},"excerpt":{"rendered":"<p>Mini bolso de piel sint\u00e9tica de piel de serpiente con bandolera ajustable. Cierre frontal con bot\u00f3n a presi\u00f3n. Disponible en dos colores modernos.<\/p>\n","protected":false},"featured_media":1072,"comment_status":"open","ping_status":"closed","template":"","meta":[],"_links":{"self":[{"href":"https:\/\/mjfashion.es\/es\/wp-json\/wp\/v2\/product\/1098"}],"collection":[{"href":"https:\/\/mjfashion.es\/es\/wp-json\/wp\/v2\/product"}],"about":[{"href":"https:\/\/mjfashion.es\/es\/wp-json\/wp\/v2\/types\/product"}],"replies":[{"embeddable":true,"href":"https:\/\/mjfashion.es\/es\/wp-json\/wp\/v2\/comments?post=1098"}],"wp:featuredmedia":[{"embeddable":true,"href":"https:\/\/mjfashion.es\/es\/wp-json\/wp\/v2\/media\/1072"}],"wp:attachment":[{"href":"https:\/\/mjfashion.es\/es\/wp-json\/wp\/v2\/media?parent=1098"}],"curies":[{"name":"wp","href":"https:\/\/api.w.org\/{rel}","templated":true}]}}