{"id":1129,"date":"2020-05-24T00:40:34","date_gmt":"2020-05-23T22:40:34","guid":{"rendered":"https:\/\/mjfashion.es\/?post_type=product&#038;p=1129"},"modified":"2020-08-01T16:55:33","modified_gmt":"2020-08-01T14:55:33","slug":"contrast-ribbed-top","status":"publish","type":"product","link":"https:\/\/mjfashion.es\/es\/producto\/contrast-ribbed-top\/","title":{"rendered":"Top canal\u00e9 en contraste"},"content":{"rendered":"<p>Colores: disponible en verde y rosa<br \/>\nTalla: Talla Unica<\/p>\n","protected":false},"excerpt":{"rendered":"<p>Top de algod\u00f3n con cuello redondo y tejido de organza con contraste en el cuello, hombros y cintura. Mangas hinchadas de organza con amplios pu\u00f1os el\u00e1sticos. Bot\u00f3n de apertura en la parte posterior.<\/p>\n","protected":false},"featured_media":1132,"comment_status":"open","ping_status":"closed","template":"","meta":[],"_links":{"self":[{"href":"https:\/\/mjfashion.es\/es\/wp-json\/wp\/v2\/product\/1129"}],"collection":[{"href":"https:\/\/mjfashion.es\/es\/wp-json\/wp\/v2\/product"}],"about":[{"href":"https:\/\/mjfashion.es\/es\/wp-json\/wp\/v2\/types\/product"}],"replies":[{"embeddable":true,"href":"https:\/\/mjfashion.es\/es\/wp-json\/wp\/v2\/comments?post=1129"}],"wp:featuredmedia":[{"embeddable":true,"href":"https:\/\/mjfashion.es\/es\/wp-json\/wp\/v2\/media\/1132"}],"wp:attachment":[{"href":"https:\/\/mjfashion.es\/es\/wp-json\/wp\/v2\/media?parent=1129"}],"curies":[{"name":"wp","href":"https:\/\/api.w.org\/{rel}","templated":true}]}}