{"id":1244,"date":"2020-05-31T14:51:52","date_gmt":"2020-05-31T12:51:52","guid":{"rendered":"https:\/\/mjfashion.es\/?post_type=product&#038;p=1244"},"modified":"2020-07-29T23:27:48","modified_gmt":"2020-07-29T21:27:48","slug":"natural-look-backpack","status":"publish","type":"product","link":"https:\/\/mjfashion.es\/es\/producto\/natural-look-backpack\/","title":{"rendered":"Mochila Natural Look"},"content":{"rendered":"<p>Color: marr\u00f3n natural<br \/>\nTalla: 28 cm x 35 cm<\/p>\n","protected":false},"excerpt":{"rendered":"<p>Mochila con dos bolsillos delanteros con botones de im\u00e1n a presi\u00f3n. Lazos y correas ajustables en piel sint\u00e9tica. Bolsillo interno para tel\u00e9fono y bolsillo con cremallera.<\/p>\n","protected":false},"featured_media":1245,"comment_status":"closed","ping_status":"closed","template":"","meta":[],"_links":{"self":[{"href":"https:\/\/mjfashion.es\/es\/wp-json\/wp\/v2\/product\/1244"}],"collection":[{"href":"https:\/\/mjfashion.es\/es\/wp-json\/wp\/v2\/product"}],"about":[{"href":"https:\/\/mjfashion.es\/es\/wp-json\/wp\/v2\/types\/product"}],"replies":[{"embeddable":true,"href":"https:\/\/mjfashion.es\/es\/wp-json\/wp\/v2\/comments?post=1244"}],"wp:featuredmedia":[{"embeddable":true,"href":"https:\/\/mjfashion.es\/es\/wp-json\/wp\/v2\/media\/1245"}],"wp:attachment":[{"href":"https:\/\/mjfashion.es\/es\/wp-json\/wp\/v2\/media?parent=1244"}],"curies":[{"name":"wp","href":"https:\/\/api.w.org\/{rel}","templated":true}]}}