{"id":1249,"date":"2020-05-31T14:52:07","date_gmt":"2020-05-31T12:52:07","guid":{"rendered":"https:\/\/mjfashion.es\/?post_type=product&#038;p=1249"},"modified":"2020-07-22T17:20:27","modified_gmt":"2020-07-22T15:20:27","slug":"natural-look-backpack-2","status":"publish","type":"product","link":"https:\/\/mjfashion.es\/es\/producto\/natural-look-backpack-2\/","title":{"rendered":"Mochila Natural Look"},"content":{"rendered":"<p>Color: beige natural<br \/>\nTalla: 28 cm x 35 cm<\/p>\n","protected":false},"excerpt":{"rendered":"<p>Mochila con dos bolsillos delanteros con botones de im\u00e1n a presi\u00f3n. Lazos y correas ajustables en piel sint\u00e9tica. Bolsillo interno para tel\u00e9fono y bolsillo con cremallera.<\/p>\n","protected":false},"featured_media":1247,"comment_status":"closed","ping_status":"closed","template":"","meta":[],"_links":{"self":[{"href":"https:\/\/mjfashion.es\/es\/wp-json\/wp\/v2\/product\/1249"}],"collection":[{"href":"https:\/\/mjfashion.es\/es\/wp-json\/wp\/v2\/product"}],"about":[{"href":"https:\/\/mjfashion.es\/es\/wp-json\/wp\/v2\/types\/product"}],"replies":[{"embeddable":true,"href":"https:\/\/mjfashion.es\/es\/wp-json\/wp\/v2\/comments?post=1249"}],"wp:featuredmedia":[{"embeddable":true,"href":"https:\/\/mjfashion.es\/es\/wp-json\/wp\/v2\/media\/1247"}],"wp:attachment":[{"href":"https:\/\/mjfashion.es\/es\/wp-json\/wp\/v2\/media?parent=1249"}],"curies":[{"name":"wp","href":"https:\/\/api.w.org\/{rel}","templated":true}]}}