{"id":1257,"date":"2020-05-31T22:40:40","date_gmt":"2020-05-31T20:40:40","guid":{"rendered":"https:\/\/mjfashion.es\/?post_type=product&#038;p=1257"},"modified":"2020-07-25T16:03:44","modified_gmt":"2020-07-25T14:03:44","slug":"beach-cotton-bag","status":"publish","type":"product","link":"https:\/\/mjfashion.es\/es\/producto\/beach-cotton-bag\/","title":{"rendered":"Bolsa de algod\u00f3n de playa"},"content":{"rendered":"<p>Color: gris<br \/>\nTalla: 50 cm x 50 cm<\/p>\n","protected":false},"excerpt":{"rendered":"<p>Bolso grande de algod\u00f3n con sello de cangrejo y tiras de rayas. Cierre de bot\u00f3n a presi\u00f3n.<\/p>\n","protected":false},"featured_media":1255,"comment_status":"closed","ping_status":"closed","template":"","meta":[],"_links":{"self":[{"href":"https:\/\/mjfashion.es\/es\/wp-json\/wp\/v2\/product\/1257"}],"collection":[{"href":"https:\/\/mjfashion.es\/es\/wp-json\/wp\/v2\/product"}],"about":[{"href":"https:\/\/mjfashion.es\/es\/wp-json\/wp\/v2\/types\/product"}],"replies":[{"embeddable":true,"href":"https:\/\/mjfashion.es\/es\/wp-json\/wp\/v2\/comments?post=1257"}],"wp:featuredmedia":[{"embeddable":true,"href":"https:\/\/mjfashion.es\/es\/wp-json\/wp\/v2\/media\/1255"}],"wp:attachment":[{"href":"https:\/\/mjfashion.es\/es\/wp-json\/wp\/v2\/media?parent=1257"}],"curies":[{"name":"wp","href":"https:\/\/api.w.org\/{rel}","templated":true}]}}