{"id":1258,"date":"2020-05-31T22:40:47","date_gmt":"2020-05-31T20:40:47","guid":{"rendered":"https:\/\/mjfashion.es\/?post_type=product&#038;p=1258"},"modified":"2020-07-29T23:27:48","modified_gmt":"2020-07-29T21:27:48","slug":"beach-cotton-bag-2","status":"publish","type":"product","link":"https:\/\/mjfashion.es\/es\/producto\/beach-cotton-bag-2\/","title":{"rendered":"Bolsa de algod\u00f3n de playa"},"content":{"rendered":"<p>Color: rosa<br \/>\nTalla: 50 cm x 50 cm<\/p>\n","protected":false},"excerpt":{"rendered":"<p>Bolso grande de algod\u00f3n con sello de cangrejo y tiras de rayas. Cierre de bot\u00f3n a presi\u00f3n.<\/p>\n","protected":false},"featured_media":1254,"comment_status":"closed","ping_status":"closed","template":"","meta":[],"_links":{"self":[{"href":"https:\/\/mjfashion.es\/es\/wp-json\/wp\/v2\/product\/1258"}],"collection":[{"href":"https:\/\/mjfashion.es\/es\/wp-json\/wp\/v2\/product"}],"about":[{"href":"https:\/\/mjfashion.es\/es\/wp-json\/wp\/v2\/types\/product"}],"replies":[{"embeddable":true,"href":"https:\/\/mjfashion.es\/es\/wp-json\/wp\/v2\/comments?post=1258"}],"wp:featuredmedia":[{"embeddable":true,"href":"https:\/\/mjfashion.es\/es\/wp-json\/wp\/v2\/media\/1254"}],"wp:attachment":[{"href":"https:\/\/mjfashion.es\/es\/wp-json\/wp\/v2\/media?parent=1258"}],"curies":[{"name":"wp","href":"https:\/\/api.w.org\/{rel}","templated":true}]}}