{"id":1386,"date":"2020-06-08T14:32:11","date_gmt":"2020-06-08T12:32:11","guid":{"rendered":"https:\/\/mjfashion.es\/?post_type=product&#038;p=1386"},"modified":"2020-07-11T15:32:21","modified_gmt":"2020-07-11T13:32:21","slug":"mega-bead-bracelet","status":"publish","type":"product","link":"https:\/\/mjfashion.es\/es\/producto\/mega-bead-bracelet\/","title":{"rendered":"Pulsera Mega Bead"},"content":{"rendered":"<p>Color: amarillo<\/p>\n","protected":false},"excerpt":{"rendered":"<p>Pulsera el\u00e1stica con cuentas grandes de colores. A pesar de su tama\u00f1o, es una pulsera ligera y un accesorio perfecto para llamar la atenci\u00f3n sobre su estilo.<\/p>\n","protected":false},"featured_media":1387,"comment_status":"closed","ping_status":"closed","template":"","meta":[],"_links":{"self":[{"href":"https:\/\/mjfashion.es\/es\/wp-json\/wp\/v2\/product\/1386"}],"collection":[{"href":"https:\/\/mjfashion.es\/es\/wp-json\/wp\/v2\/product"}],"about":[{"href":"https:\/\/mjfashion.es\/es\/wp-json\/wp\/v2\/types\/product"}],"replies":[{"embeddable":true,"href":"https:\/\/mjfashion.es\/es\/wp-json\/wp\/v2\/comments?post=1386"}],"wp:featuredmedia":[{"embeddable":true,"href":"https:\/\/mjfashion.es\/es\/wp-json\/wp\/v2\/media\/1387"}],"wp:attachment":[{"href":"https:\/\/mjfashion.es\/es\/wp-json\/wp\/v2\/media?parent=1386"}],"curies":[{"name":"wp","href":"https:\/\/api.w.org\/{rel}","templated":true}]}}