{"id":1467,"date":"2020-06-11T13:56:18","date_gmt":"2020-06-11T11:56:18","guid":{"rendered":"https:\/\/mjfashion.es\/?post_type=product&#038;p=1467"},"modified":"2020-07-15T15:06:28","modified_gmt":"2020-07-15T13:06:28","slug":"floral-print-dress-with-smoked-detail","status":"publish","type":"product","link":"https:\/\/mjfashion.es\/es\/producto\/floral-print-dress-with-smoked-detail\/","title":{"rendered":"Vestido estampado floral con detalle el\u00e1stico"},"content":{"rendered":"<p>Colores: disponible en blanco y verde<br \/>\nTalla: Talla Unica<\/p>\n","protected":false},"excerpt":{"rendered":"<p>Vestido corto de manga corta con globo y terminaciones el\u00e1sticas. Parte superior con detalle de el\u00e1stico tipo nido de abeja. Bajo acabado en volantes. La bolsa que se muestra en algunas de las fotos no est\u00e1 incluida (ver categor\u00eda Accesorios &#8211; Bolsas).<\/p>\n","protected":false},"featured_media":1468,"comment_status":"closed","ping_status":"closed","template":"","meta":[],"_links":{"self":[{"href":"https:\/\/mjfashion.es\/es\/wp-json\/wp\/v2\/product\/1467"}],"collection":[{"href":"https:\/\/mjfashion.es\/es\/wp-json\/wp\/v2\/product"}],"about":[{"href":"https:\/\/mjfashion.es\/es\/wp-json\/wp\/v2\/types\/product"}],"replies":[{"embeddable":true,"href":"https:\/\/mjfashion.es\/es\/wp-json\/wp\/v2\/comments?post=1467"}],"wp:featuredmedia":[{"embeddable":true,"href":"https:\/\/mjfashion.es\/es\/wp-json\/wp\/v2\/media\/1468"}],"wp:attachment":[{"href":"https:\/\/mjfashion.es\/es\/wp-json\/wp\/v2\/media?parent=1467"}],"curies":[{"name":"wp","href":"https:\/\/api.w.org\/{rel}","templated":true}]}}