{"id":1474,"date":"2020-06-11T15:09:46","date_gmt":"2020-06-11T13:09:46","guid":{"rendered":"https:\/\/mjfashion.es\/?post_type=product&#038;p=1474"},"modified":"2020-07-22T17:20:29","modified_gmt":"2020-07-22T15:20:29","slug":"dress-with-cutwork-embroidery","status":"publish","type":"product","link":"https:\/\/mjfashion.es\/es\/producto\/dress-with-cutwork-embroidery\/","title":{"rendered":"Vestido con bordado de calado"},"content":{"rendered":"<p>Colores: disponible en verde, beige, blanco, negro y rojo<br \/>\nTalla: Talla Unica<\/p>\n","protected":false},"excerpt":{"rendered":"<p>Vestido fluido de algod\u00f3n con escote recto el\u00e1stico y mangas abiertas que caen hasta el codo. Adornos con volantes y bordados frontales a juego. Forro frontal.<br \/>\nInformaci\u00f3n: El modelo en rojo fue visto en la televisi\u00f3n alemana. Las bolsas que se muestran en algunas de las fotos no est\u00e1n incluidas (ver categor\u00eda Accesorios &#8211; Bolsas).<\/p>\n","protected":false},"featured_media":1478,"comment_status":"closed","ping_status":"closed","template":"","meta":[],"_links":{"self":[{"href":"https:\/\/mjfashion.es\/es\/wp-json\/wp\/v2\/product\/1474"}],"collection":[{"href":"https:\/\/mjfashion.es\/es\/wp-json\/wp\/v2\/product"}],"about":[{"href":"https:\/\/mjfashion.es\/es\/wp-json\/wp\/v2\/types\/product"}],"replies":[{"embeddable":true,"href":"https:\/\/mjfashion.es\/es\/wp-json\/wp\/v2\/comments?post=1474"}],"wp:featuredmedia":[{"embeddable":true,"href":"https:\/\/mjfashion.es\/es\/wp-json\/wp\/v2\/media\/1478"}],"wp:attachment":[{"href":"https:\/\/mjfashion.es\/es\/wp-json\/wp\/v2\/media?parent=1474"}],"curies":[{"name":"wp","href":"https:\/\/api.w.org\/{rel}","templated":true}]}}