{"id":1518,"date":"2020-06-13T16:07:03","date_gmt":"2020-06-13T14:07:03","guid":{"rendered":"https:\/\/mjfashion.es\/?post_type=product&#038;p=1518"},"modified":"2020-06-13T16:25:33","modified_gmt":"2020-06-13T14:25:33","slug":"animal-print-skirt","status":"publish","type":"product","link":"https:\/\/mjfashion.es\/es\/producto\/animal-print-skirt\/","title":{"rendered":"Falda Animal Print"},"content":{"rendered":"<p>Color: crema<br \/>\nTalla L<br \/>\nLongitud: 105 cm<\/p>\n","protected":false},"excerpt":{"rendered":"<p>Falda larga con cintura el\u00e1stica en la parte trasera.<br \/>\nConsejo: \u00daselo tambi\u00e9n como vestido.<br \/>\nInformaci\u00f3n: Los accesorios que se muestran en algunas de las fotos no est\u00e1n incluidos (ver categor\u00eda Accesorios).<\/p>\n","protected":false},"featured_media":1519,"comment_status":"closed","ping_status":"closed","template":"","meta":[],"_links":{"self":[{"href":"https:\/\/mjfashion.es\/es\/wp-json\/wp\/v2\/product\/1518"}],"collection":[{"href":"https:\/\/mjfashion.es\/es\/wp-json\/wp\/v2\/product"}],"about":[{"href":"https:\/\/mjfashion.es\/es\/wp-json\/wp\/v2\/types\/product"}],"replies":[{"embeddable":true,"href":"https:\/\/mjfashion.es\/es\/wp-json\/wp\/v2\/comments?post=1518"}],"wp:featuredmedia":[{"embeddable":true,"href":"https:\/\/mjfashion.es\/es\/wp-json\/wp\/v2\/media\/1519"}],"wp:attachment":[{"href":"https:\/\/mjfashion.es\/es\/wp-json\/wp\/v2\/media?parent=1518"}],"curies":[{"name":"wp","href":"https:\/\/api.w.org\/{rel}","templated":true}]}}