{"id":166,"date":"2020-04-21T17:20:03","date_gmt":"2020-04-21T15:20:03","guid":{"rendered":"https:\/\/mjfashion.es\/?post_type=product&#038;p=166"},"modified":"2020-08-22T15:58:04","modified_gmt":"2020-08-22T13:58:04","slug":"floral-print-cerulean-blue-dress","status":"publish","type":"product","link":"https:\/\/mjfashion.es\/es\/producto\/floral-print-cerulean-blue-dress\/","title":{"rendered":"Vestido azul estampado floral"},"content":{"rendered":"<p>Color: azul denim<br \/>\nTalla: Talla Unica<\/p>\n","protected":false},"excerpt":{"rendered":"<p>Vestido azul celeste estampado floral con escote redondo, abertura abotonada en la parte posterior, cintura el\u00e1stica y manga larga con pu\u00f1os el\u00e1sticos. El azul cer\u00faleo es uno de los colores de moda para la temporada. Talla Unica se adapta a mujeres de talla S, M y L (tallas 36, 38, 40, 42).<\/p>\n","protected":false},"featured_media":1137,"comment_status":"open","ping_status":"closed","template":"","meta":[],"_links":{"self":[{"href":"https:\/\/mjfashion.es\/es\/wp-json\/wp\/v2\/product\/166"}],"collection":[{"href":"https:\/\/mjfashion.es\/es\/wp-json\/wp\/v2\/product"}],"about":[{"href":"https:\/\/mjfashion.es\/es\/wp-json\/wp\/v2\/types\/product"}],"replies":[{"embeddable":true,"href":"https:\/\/mjfashion.es\/es\/wp-json\/wp\/v2\/comments?post=166"}],"wp:featuredmedia":[{"embeddable":true,"href":"https:\/\/mjfashion.es\/es\/wp-json\/wp\/v2\/media\/1137"}],"wp:attachment":[{"href":"https:\/\/mjfashion.es\/es\/wp-json\/wp\/v2\/media?parent=166"}],"curies":[{"name":"wp","href":"https:\/\/api.w.org\/{rel}","templated":true}]}}