{"id":1663,"date":"2020-06-20T14:07:07","date_gmt":"2020-06-20T12:07:07","guid":{"rendered":"https:\/\/mjfashion.es\/?post_type=product&#038;p=1663"},"modified":"2020-07-04T18:12:50","modified_gmt":"2020-07-04T16:12:50","slug":"daisy-print-cotton-scarf","status":"publish","type":"product","link":"https:\/\/mjfashion.es\/es\/producto\/daisy-print-cotton-scarf\/","title":{"rendered":"Bufanda de algod\u00f3n con estampado de margaritas"},"content":{"rendered":"<p>Color: amarillo<br \/>\nTalla: 100 cm x 110 cm<\/p>\n","protected":false},"excerpt":{"rendered":"<p>Bufanda de algod\u00f3n en el moderno color amarillo soleado con estampados de flores. Con sus caracter\u00edsticas de uso m\u00faltiple, es un accesorio perfecto para las vacaciones de verano.<\/p>\n","protected":false},"featured_media":1662,"comment_status":"closed","ping_status":"closed","template":"","meta":[],"_links":{"self":[{"href":"https:\/\/mjfashion.es\/es\/wp-json\/wp\/v2\/product\/1663"}],"collection":[{"href":"https:\/\/mjfashion.es\/es\/wp-json\/wp\/v2\/product"}],"about":[{"href":"https:\/\/mjfashion.es\/es\/wp-json\/wp\/v2\/types\/product"}],"replies":[{"embeddable":true,"href":"https:\/\/mjfashion.es\/es\/wp-json\/wp\/v2\/comments?post=1663"}],"wp:featuredmedia":[{"embeddable":true,"href":"https:\/\/mjfashion.es\/es\/wp-json\/wp\/v2\/media\/1662"}],"wp:attachment":[{"href":"https:\/\/mjfashion.es\/es\/wp-json\/wp\/v2\/media?parent=1663"}],"curies":[{"name":"wp","href":"https:\/\/api.w.org\/{rel}","templated":true}]}}