{"id":1969,"date":"2020-07-02T18:31:10","date_gmt":"2020-07-02T16:31:10","guid":{"rendered":"https:\/\/mjfashion.es\/?post_type=product&#038;p=1969"},"modified":"2020-10-22T11:38:04","modified_gmt":"2020-10-22T09:38:04","slug":"stretch-belt-with-tortoise-shell-contrast-buckle","status":"publish","type":"product","link":"https:\/\/mjfashion.es\/es\/producto\/stretch-belt-with-tortoise-shell-contrast-buckle\/","title":{"rendered":"Cintur\u00f3n el\u00e1stico con hebilla de contraste de caparaz\u00f3n de tortuga"},"content":{"rendered":"<p>Color: blanco y negro<br \/>\nTalla: 100 cm x 5 cm<\/p>\n","protected":false},"excerpt":{"rendered":"<p>Cintur\u00f3n el\u00e1stico de material natural con hebilla decorativa de metal y carey.<\/p>\n","protected":false},"featured_media":1967,"comment_status":"closed","ping_status":"closed","template":"","meta":[],"_links":{"self":[{"href":"https:\/\/mjfashion.es\/es\/wp-json\/wp\/v2\/product\/1969"}],"collection":[{"href":"https:\/\/mjfashion.es\/es\/wp-json\/wp\/v2\/product"}],"about":[{"href":"https:\/\/mjfashion.es\/es\/wp-json\/wp\/v2\/types\/product"}],"replies":[{"embeddable":true,"href":"https:\/\/mjfashion.es\/es\/wp-json\/wp\/v2\/comments?post=1969"}],"wp:featuredmedia":[{"embeddable":true,"href":"https:\/\/mjfashion.es\/es\/wp-json\/wp\/v2\/media\/1967"}],"wp:attachment":[{"href":"https:\/\/mjfashion.es\/es\/wp-json\/wp\/v2\/media?parent=1969"}],"curies":[{"name":"wp","href":"https:\/\/api.w.org\/{rel}","templated":true}]}}