{"id":1977,"date":"2020-07-03T13:14:45","date_gmt":"2020-07-03T11:14:45","guid":{"rendered":"https:\/\/mjfashion.es\/?post_type=product&#038;p=1977"},"modified":"2020-07-22T17:20:26","modified_gmt":"2020-07-22T15:20:26","slug":"printed-culotte-trousers","status":"publish","type":"product","link":"https:\/\/mjfashion.es\/es\/producto\/printed-culotte-trousers\/","title":{"rendered":"Pantalones Culotte Estampados"},"content":{"rendered":"<p>Color: Multicolor &#8211; Marr\u00f3n con Azafr\u00e1n<br \/>\nTalla: Talla Unica<\/p>\n","protected":false},"excerpt":{"rendered":"<p>Pantal\u00f3n de cintura alta con dise\u00f1o de pierna ancha. Cintura el\u00e1stica con cintur\u00f3n de tela a juego. Detalles plisados en la cintura.<\/p>\n","protected":false},"featured_media":1978,"comment_status":"closed","ping_status":"closed","template":"","meta":[],"_links":{"self":[{"href":"https:\/\/mjfashion.es\/es\/wp-json\/wp\/v2\/product\/1977"}],"collection":[{"href":"https:\/\/mjfashion.es\/es\/wp-json\/wp\/v2\/product"}],"about":[{"href":"https:\/\/mjfashion.es\/es\/wp-json\/wp\/v2\/types\/product"}],"replies":[{"embeddable":true,"href":"https:\/\/mjfashion.es\/es\/wp-json\/wp\/v2\/comments?post=1977"}],"wp:featuredmedia":[{"embeddable":true,"href":"https:\/\/mjfashion.es\/es\/wp-json\/wp\/v2\/media\/1978"}],"wp:attachment":[{"href":"https:\/\/mjfashion.es\/es\/wp-json\/wp\/v2\/media?parent=1977"}],"curies":[{"name":"wp","href":"https:\/\/api.w.org\/{rel}","templated":true}]}}