{"id":1987,"date":"2020-07-03T18:10:11","date_gmt":"2020-07-03T16:10:11","guid":{"rendered":"https:\/\/mjfashion.es\/?post_type=product&#038;p=1987"},"modified":"2020-10-22T11:38:07","modified_gmt":"2020-10-22T09:38:07","slug":"cross-body-mini-bag-2","status":"publish","type":"product","link":"https:\/\/mjfashion.es\/es\/producto\/cross-body-mini-bag-2\/","title":{"rendered":"Mini bolso cruzado"},"content":{"rendered":"<p>Colores: disponible en amarillo, naranja y negro<br \/>\nTalla: 12 cm x 17 cm<\/p>\n","protected":false},"excerpt":{"rendered":"<p>Funda de piel sint\u00e9tica para tel\u00e9fono m\u00f3vil. Correa de hombro extra\u00edble para usar en forma diagonal a trav\u00e9s del pecho o alrededor del cuello. Cierre frontal de metal.<\/p>\n","protected":false},"featured_media":1995,"comment_status":"closed","ping_status":"closed","template":"","meta":[],"_links":{"self":[{"href":"https:\/\/mjfashion.es\/es\/wp-json\/wp\/v2\/product\/1987"}],"collection":[{"href":"https:\/\/mjfashion.es\/es\/wp-json\/wp\/v2\/product"}],"about":[{"href":"https:\/\/mjfashion.es\/es\/wp-json\/wp\/v2\/types\/product"}],"replies":[{"embeddable":true,"href":"https:\/\/mjfashion.es\/es\/wp-json\/wp\/v2\/comments?post=1987"}],"wp:featuredmedia":[{"embeddable":true,"href":"https:\/\/mjfashion.es\/es\/wp-json\/wp\/v2\/media\/1995"}],"wp:attachment":[{"href":"https:\/\/mjfashion.es\/es\/wp-json\/wp\/v2\/media?parent=1987"}],"curies":[{"name":"wp","href":"https:\/\/api.w.org\/{rel}","templated":true}]}}