{"id":1997,"date":"2020-07-03T19:52:44","date_gmt":"2020-07-03T17:52:44","guid":{"rendered":"https:\/\/mjfashion.es\/?post_type=product&#038;p=1997"},"modified":"2020-10-22T11:38:07","modified_gmt":"2020-10-22T09:38:07","slug":"cotton-shorts","status":"publish","type":"product","link":"https:\/\/mjfashion.es\/es\/producto\/cotton-shorts\/","title":{"rendered":"Pantalones cortos de algod\u00f3n"},"content":{"rendered":"<p>Colores: disponible en rosa, kaki oscuro y blanco<br \/>\nTalla: Talla Unica<\/p>\n","protected":false},"excerpt":{"rendered":"<p>Short de algod\u00f3n con cintura el\u00e1stica con cord\u00f3n.<\/p>\n","protected":false},"featured_media":2001,"comment_status":"closed","ping_status":"closed","template":"","meta":[],"_links":{"self":[{"href":"https:\/\/mjfashion.es\/es\/wp-json\/wp\/v2\/product\/1997"}],"collection":[{"href":"https:\/\/mjfashion.es\/es\/wp-json\/wp\/v2\/product"}],"about":[{"href":"https:\/\/mjfashion.es\/es\/wp-json\/wp\/v2\/types\/product"}],"replies":[{"embeddable":true,"href":"https:\/\/mjfashion.es\/es\/wp-json\/wp\/v2\/comments?post=1997"}],"wp:featuredmedia":[{"embeddable":true,"href":"https:\/\/mjfashion.es\/es\/wp-json\/wp\/v2\/media\/2001"}],"wp:attachment":[{"href":"https:\/\/mjfashion.es\/es\/wp-json\/wp\/v2\/media?parent=1997"}],"curies":[{"name":"wp","href":"https:\/\/api.w.org\/{rel}","templated":true}]}}