{"id":2053,"date":"2020-07-04T01:09:06","date_gmt":"2020-07-03T23:09:06","guid":{"rendered":"https:\/\/mjfashion.es\/?post_type=product&#038;p=2053"},"modified":"2020-07-15T15:15:59","modified_gmt":"2020-07-15T13:15:59","slug":"loose-fit-blouse-2","status":"publish","type":"product","link":"https:\/\/mjfashion.es\/es\/producto\/loose-fit-blouse-2\/","title":{"rendered":"Blusa fluida"},"content":{"rendered":"<p>Colores: disponible en lila, verde y azafr\u00e1n<br \/>\nTalla: Talla Unica<\/p>\n","protected":false},"excerpt":{"rendered":"<p>Blusa abierta con cuello redondo y manga corta en contraste. Detalle plisado frontal. Atr\u00e1s bot\u00f3n de apertura. Un modelo muy fresco y c\u00f3modo, ideal para mujeres talla M, L y XL.<\/p>\n","protected":false},"featured_media":2063,"comment_status":"closed","ping_status":"closed","template":"","meta":[],"_links":{"self":[{"href":"https:\/\/mjfashion.es\/es\/wp-json\/wp\/v2\/product\/2053"}],"collection":[{"href":"https:\/\/mjfashion.es\/es\/wp-json\/wp\/v2\/product"}],"about":[{"href":"https:\/\/mjfashion.es\/es\/wp-json\/wp\/v2\/types\/product"}],"replies":[{"embeddable":true,"href":"https:\/\/mjfashion.es\/es\/wp-json\/wp\/v2\/comments?post=2053"}],"wp:featuredmedia":[{"embeddable":true,"href":"https:\/\/mjfashion.es\/es\/wp-json\/wp\/v2\/media\/2063"}],"wp:attachment":[{"href":"https:\/\/mjfashion.es\/es\/wp-json\/wp\/v2\/media?parent=2053"}],"curies":[{"name":"wp","href":"https:\/\/api.w.org\/{rel}","templated":true}]}}