{"id":2174,"date":"2020-07-08T11:59:09","date_gmt":"2020-07-08T09:59:09","guid":{"rendered":"https:\/\/mjfashion.es\/?post_type=product&#038;p=2174"},"modified":"2020-08-15T17:58:05","modified_gmt":"2020-08-15T15:58:05","slug":"tropic-print-top","status":"publish","type":"product","link":"https:\/\/mjfashion.es\/es\/producto\/tropic-print-top\/","title":{"rendered":"Top con estampado tropical"},"content":{"rendered":"<p>Color: negro<br \/>\nTalla: Talla Unica<\/p>\n","protected":false},"excerpt":{"rendered":"<p>Top de algod\u00f3n sin mangas con hombreras y abertura trasera con botones. Informaci\u00f3n: El estampado Jungle in the Night est\u00e1 de moda.<\/p>\n","protected":false},"featured_media":2172,"comment_status":"closed","ping_status":"closed","template":"","meta":[],"_links":{"self":[{"href":"https:\/\/mjfashion.es\/es\/wp-json\/wp\/v2\/product\/2174"}],"collection":[{"href":"https:\/\/mjfashion.es\/es\/wp-json\/wp\/v2\/product"}],"about":[{"href":"https:\/\/mjfashion.es\/es\/wp-json\/wp\/v2\/types\/product"}],"replies":[{"embeddable":true,"href":"https:\/\/mjfashion.es\/es\/wp-json\/wp\/v2\/comments?post=2174"}],"wp:featuredmedia":[{"embeddable":true,"href":"https:\/\/mjfashion.es\/es\/wp-json\/wp\/v2\/media\/2172"}],"wp:attachment":[{"href":"https:\/\/mjfashion.es\/es\/wp-json\/wp\/v2\/media?parent=2174"}],"curies":[{"name":"wp","href":"https:\/\/api.w.org\/{rel}","templated":true}]}}