{"id":242,"date":"2020-04-28T00:20:10","date_gmt":"2020-04-27T22:20:10","guid":{"rendered":"https:\/\/mjfashion.es\/?post_type=product&#038;p=242"},"modified":"2020-07-29T23:27:48","modified_gmt":"2020-07-29T21:27:48","slug":"animal-print-long-dress-black","status":"publish","type":"product","link":"https:\/\/mjfashion.es\/es\/producto\/animal-print-long-dress-black\/","title":{"rendered":"Vestido largo estampado animal"},"content":{"rendered":"<p>Color: negro<br \/>\nTalla: Talla Unica<\/p>\n","protected":false},"excerpt":{"rendered":"<p>Vestido largo con estampado animal y cuello redondo en negro. Manga larga con pu\u00f1os el\u00e1sticos. Cierre frontal de botones. Bajo acabado en volante. La cintura el\u00e1stica permite combinar con un cintur\u00f3n de moda. Talla Unica se adapta a mujeres de talla S, M y L (tallas 36, 38, 40, 42).<\/p>\n","protected":false},"featured_media":1145,"comment_status":"open","ping_status":"closed","template":"","meta":[],"_links":{"self":[{"href":"https:\/\/mjfashion.es\/es\/wp-json\/wp\/v2\/product\/242"}],"collection":[{"href":"https:\/\/mjfashion.es\/es\/wp-json\/wp\/v2\/product"}],"about":[{"href":"https:\/\/mjfashion.es\/es\/wp-json\/wp\/v2\/types\/product"}],"replies":[{"embeddable":true,"href":"https:\/\/mjfashion.es\/es\/wp-json\/wp\/v2\/comments?post=242"}],"wp:featuredmedia":[{"embeddable":true,"href":"https:\/\/mjfashion.es\/es\/wp-json\/wp\/v2\/media\/1145"}],"wp:attachment":[{"href":"https:\/\/mjfashion.es\/es\/wp-json\/wp\/v2\/media?parent=242"}],"curies":[{"name":"wp","href":"https:\/\/api.w.org\/{rel}","templated":true}]}}