{"id":243,"date":"2020-04-28T00:30:56","date_gmt":"2020-04-27T22:30:56","guid":{"rendered":"https:\/\/mjfashion.es\/?post_type=product&#038;p=243"},"modified":"2020-07-03T00:07:45","modified_gmt":"2020-07-02T22:07:45","slug":"floral-print-black-dress","status":"publish","type":"product","link":"https:\/\/mjfashion.es\/es\/producto\/floral-print-black-dress\/","title":{"rendered":"Vestido negro estampado floral"},"content":{"rendered":"<p>Color: negro<br \/>\nTalla: Talla Unica<\/p>\n","protected":false},"excerpt":{"rendered":"<p>Vestido negro estampado floral con escote redondo, abertura abotonada en la parte posterior, cintura el\u00e1stica y manga larga con pu\u00f1os el\u00e1sticos. Talla Unica se adapta a mujeres de talla S, M y L (tallas 36, 38, 40, 42).<\/p>\n","protected":false},"featured_media":195,"comment_status":"open","ping_status":"closed","template":"","meta":[],"_links":{"self":[{"href":"https:\/\/mjfashion.es\/es\/wp-json\/wp\/v2\/product\/243"}],"collection":[{"href":"https:\/\/mjfashion.es\/es\/wp-json\/wp\/v2\/product"}],"about":[{"href":"https:\/\/mjfashion.es\/es\/wp-json\/wp\/v2\/types\/product"}],"replies":[{"embeddable":true,"href":"https:\/\/mjfashion.es\/es\/wp-json\/wp\/v2\/comments?post=243"}],"wp:featuredmedia":[{"embeddable":true,"href":"https:\/\/mjfashion.es\/es\/wp-json\/wp\/v2\/media\/195"}],"wp:attachment":[{"href":"https:\/\/mjfashion.es\/es\/wp-json\/wp\/v2\/media?parent=243"}],"curies":[{"name":"wp","href":"https:\/\/api.w.org\/{rel}","templated":true}]}}