{"id":265,"date":"2020-04-28T01:54:43","date_gmt":"2020-04-27T23:54:43","guid":{"rendered":"https:\/\/mjfashion.es\/?post_type=product&#038;p=265"},"modified":"2020-08-12T21:33:37","modified_gmt":"2020-08-12T19:33:37","slug":"leopard-print-midi-dress","status":"publish","type":"product","link":"https:\/\/mjfashion.es\/es\/producto\/leopard-print-midi-dress\/","title":{"rendered":"Vestido midi estampado leopardo"},"content":{"rendered":"<p>Color: marr\u00f3n<br \/>\nTallas M \/ L<\/p>\n","protected":false},"excerpt":{"rendered":"<p>Vestido a media pierna con estampado de leopardo y cuello redondo. Cintura el\u00e1stica. Manga larga con pu\u00f1os el\u00e1sticos. Forro interior.<\/p>\n","protected":false},"featured_media":1187,"comment_status":"open","ping_status":"closed","template":"","meta":[],"_links":{"self":[{"href":"https:\/\/mjfashion.es\/es\/wp-json\/wp\/v2\/product\/265"}],"collection":[{"href":"https:\/\/mjfashion.es\/es\/wp-json\/wp\/v2\/product"}],"about":[{"href":"https:\/\/mjfashion.es\/es\/wp-json\/wp\/v2\/types\/product"}],"replies":[{"embeddable":true,"href":"https:\/\/mjfashion.es\/es\/wp-json\/wp\/v2\/comments?post=265"}],"wp:featuredmedia":[{"embeddable":true,"href":"https:\/\/mjfashion.es\/es\/wp-json\/wp\/v2\/media\/1187"}],"wp:attachment":[{"href":"https:\/\/mjfashion.es\/es\/wp-json\/wp\/v2\/media?parent=265"}],"curies":[{"name":"wp","href":"https:\/\/api.w.org\/{rel}","templated":true}]}}