{"id":284,"date":"2020-04-28T16:21:37","date_gmt":"2020-04-28T14:21:37","guid":{"rendered":"https:\/\/mjfashion.es\/?post_type=product&#038;p=284"},"modified":"2020-09-12T09:40:58","modified_gmt":"2020-09-12T07:40:58","slug":"parsley-print-long-dress","status":"publish","type":"product","link":"https:\/\/mjfashion.es\/es\/producto\/parsley-print-long-dress\/","title":{"rendered":"Vestido largo estampado Parsley"},"content":{"rendered":"<p>Color: composici\u00f3n de negro, marr\u00f3n y rosa coral claro<br \/>\nTalla: Talla Unica<\/p>\n","protected":false},"excerpt":{"rendered":"<p>Vestido largo estampado de Parsley con una combinaci\u00f3n de colores negro, marr\u00f3n y rosa coral. Escote redondo con cierre de botones en la parte delantera. Manga larga con pu\u00f1os el\u00e1sticos. Bajo acabado en volantes. La cintura el\u00e1stica permite el partido con un cintur\u00f3n de moda. Talla Unica se adapta a mujeres de talla S, M y L (tallas 36, 38, 40, 42).<\/p>\n","protected":false},"featured_media":270,"comment_status":"open","ping_status":"closed","template":"","meta":[],"_links":{"self":[{"href":"https:\/\/mjfashion.es\/es\/wp-json\/wp\/v2\/product\/284"}],"collection":[{"href":"https:\/\/mjfashion.es\/es\/wp-json\/wp\/v2\/product"}],"about":[{"href":"https:\/\/mjfashion.es\/es\/wp-json\/wp\/v2\/types\/product"}],"replies":[{"embeddable":true,"href":"https:\/\/mjfashion.es\/es\/wp-json\/wp\/v2\/comments?post=284"}],"wp:featuredmedia":[{"embeddable":true,"href":"https:\/\/mjfashion.es\/es\/wp-json\/wp\/v2\/media\/270"}],"wp:attachment":[{"href":"https:\/\/mjfashion.es\/es\/wp-json\/wp\/v2\/media?parent=284"}],"curies":[{"name":"wp","href":"https:\/\/api.w.org\/{rel}","templated":true}]}}