{"id":291,"date":"2020-04-28T16:57:07","date_gmt":"2020-04-28T14:57:07","guid":{"rendered":"https:\/\/mjfashion.es\/?post_type=product&#038;p=291"},"modified":"2020-05-08T01:55:03","modified_gmt":"2020-05-07T23:55:03","slug":"transparent-short-dress","status":"publish","type":"product","link":"https:\/\/mjfashion.es\/es\/producto\/transparent-short-dress\/","title":{"rendered":"Vestido corto transparente"},"content":{"rendered":"<p>Color: negro, kaki y rojo<br \/>\nTalla: Talla Unica<\/p>\n","protected":false},"excerpt":{"rendered":"<p>Vestido corto transparente estampado floral en negro, kaki o rojo. Escote redondo, manga larga con pu\u00f1os el\u00e1sticos. Cintura el\u00e1stica. Ribete de volantes. Forro interior.<\/p>\n","protected":false},"featured_media":292,"comment_status":"open","ping_status":"closed","template":"","meta":[],"_links":{"self":[{"href":"https:\/\/mjfashion.es\/es\/wp-json\/wp\/v2\/product\/291"}],"collection":[{"href":"https:\/\/mjfashion.es\/es\/wp-json\/wp\/v2\/product"}],"about":[{"href":"https:\/\/mjfashion.es\/es\/wp-json\/wp\/v2\/types\/product"}],"replies":[{"embeddable":true,"href":"https:\/\/mjfashion.es\/es\/wp-json\/wp\/v2\/comments?post=291"}],"wp:featuredmedia":[{"embeddable":true,"href":"https:\/\/mjfashion.es\/es\/wp-json\/wp\/v2\/media\/292"}],"wp:attachment":[{"href":"https:\/\/mjfashion.es\/es\/wp-json\/wp\/v2\/media?parent=291"}],"curies":[{"name":"wp","href":"https:\/\/api.w.org\/{rel}","templated":true}]}}