{"id":328,"date":"2020-04-30T15:16:02","date_gmt":"2020-04-30T13:16:02","guid":{"rendered":"https:\/\/mjfashion.es\/?post_type=product&#038;p=328"},"modified":"2020-08-15T17:58:06","modified_gmt":"2020-08-15T15:58:06","slug":"white-flower-dress","status":"publish","type":"product","link":"https:\/\/mjfashion.es\/es\/producto\/white-flower-dress\/","title":{"rendered":"Vestido de flores blancas"},"content":{"rendered":"<p>Color: disponible en azafr\u00e1n, verde, negro, morado<br \/>\nTalla: Talla Unica<\/p>\n","protected":false},"excerpt":{"rendered":"<p>Vestido corto con cuello en V cruzado, manga larga terminada con pu\u00f1os el\u00e1sticos. Cintur\u00f3n de lazo en el mismo tejido. Bajo acabado en volantes.<\/p>\n","protected":false},"featured_media":330,"comment_status":"open","ping_status":"closed","template":"","meta":[],"_links":{"self":[{"href":"https:\/\/mjfashion.es\/es\/wp-json\/wp\/v2\/product\/328"}],"collection":[{"href":"https:\/\/mjfashion.es\/es\/wp-json\/wp\/v2\/product"}],"about":[{"href":"https:\/\/mjfashion.es\/es\/wp-json\/wp\/v2\/types\/product"}],"replies":[{"embeddable":true,"href":"https:\/\/mjfashion.es\/es\/wp-json\/wp\/v2\/comments?post=328"}],"wp:featuredmedia":[{"embeddable":true,"href":"https:\/\/mjfashion.es\/es\/wp-json\/wp\/v2\/media\/330"}],"wp:attachment":[{"href":"https:\/\/mjfashion.es\/es\/wp-json\/wp\/v2\/media?parent=328"}],"curies":[{"name":"wp","href":"https:\/\/api.w.org\/{rel}","templated":true}]}}