{"id":348,"date":"2020-04-30T16:04:36","date_gmt":"2020-04-30T14:04:36","guid":{"rendered":"https:\/\/mjfashion.es\/?post_type=product&#038;p=348"},"modified":"2020-07-29T23:27:50","modified_gmt":"2020-07-29T21:27:50","slug":"loose-fit-long-dress","status":"publish","type":"product","link":"https:\/\/mjfashion.es\/es\/producto\/loose-fit-long-dress\/","title":{"rendered":"Vestido largo fluido"},"content":{"rendered":"<p>Color: disponible en negro y verde<br \/>\nTalla: Talla Unica<\/p>\n","protected":false},"excerpt":{"rendered":"<p>Vestido largo y estampado, cuello solapa, mangas con pu\u00f1os anchos. Cierre de botones en la parte delantera y en las mangas. El vestido a menudo aparece en la televisi\u00f3n espa\u00f1ola.<\/p>\n","protected":false},"featured_media":1046,"comment_status":"open","ping_status":"closed","template":"","meta":[],"_links":{"self":[{"href":"https:\/\/mjfashion.es\/es\/wp-json\/wp\/v2\/product\/348"}],"collection":[{"href":"https:\/\/mjfashion.es\/es\/wp-json\/wp\/v2\/product"}],"about":[{"href":"https:\/\/mjfashion.es\/es\/wp-json\/wp\/v2\/types\/product"}],"replies":[{"embeddable":true,"href":"https:\/\/mjfashion.es\/es\/wp-json\/wp\/v2\/comments?post=348"}],"wp:featuredmedia":[{"embeddable":true,"href":"https:\/\/mjfashion.es\/es\/wp-json\/wp\/v2\/media\/1046"}],"wp:attachment":[{"href":"https:\/\/mjfashion.es\/es\/wp-json\/wp\/v2\/media?parent=348"}],"curies":[{"name":"wp","href":"https:\/\/api.w.org\/{rel}","templated":true}]}}