{"id":359,"date":"2020-04-30T17:54:36","date_gmt":"2020-04-30T15:54:36","guid":{"rendered":"https:\/\/mjfashion.es\/?post_type=product&#038;p=359"},"modified":"2020-06-28T18:53:43","modified_gmt":"2020-06-28T16:53:43","slug":"heart-print-satin-dress","status":"publish","type":"product","link":"https:\/\/mjfashion.es\/es\/producto\/heart-print-satin-dress\/","title":{"rendered":"Vestido de raso con estampado de corazones"},"content":{"rendered":"<p>Color: disponible en verde y negro<br \/>\nTalla: Talla Unica<\/p>\n","protected":false},"excerpt":{"rendered":"<p>Vestido corto de raso con estampados de coraz\u00f3n. Cuello de pico cruzado y manga larga con pu\u00f1os el\u00e1sticos. Cintura el\u00e1stica. Adornos con volantes.<\/p>\n","protected":false},"featured_media":368,"comment_status":"open","ping_status":"closed","template":"","meta":[],"_links":{"self":[{"href":"https:\/\/mjfashion.es\/es\/wp-json\/wp\/v2\/product\/359"}],"collection":[{"href":"https:\/\/mjfashion.es\/es\/wp-json\/wp\/v2\/product"}],"about":[{"href":"https:\/\/mjfashion.es\/es\/wp-json\/wp\/v2\/types\/product"}],"replies":[{"embeddable":true,"href":"https:\/\/mjfashion.es\/es\/wp-json\/wp\/v2\/comments?post=359"}],"wp:featuredmedia":[{"embeddable":true,"href":"https:\/\/mjfashion.es\/es\/wp-json\/wp\/v2\/media\/368"}],"wp:attachment":[{"href":"https:\/\/mjfashion.es\/es\/wp-json\/wp\/v2\/media?parent=359"}],"curies":[{"name":"wp","href":"https:\/\/api.w.org\/{rel}","templated":true}]}}