{"id":404,"date":"2020-05-01T15:30:06","date_gmt":"2020-05-01T13:30:06","guid":{"rendered":"https:\/\/mjfashion.es\/?post_type=product&#038;p=404"},"modified":"2020-08-12T21:33:37","modified_gmt":"2020-08-12T19:33:37","slug":"animal-print-blouse","status":"publish","type":"product","link":"https:\/\/mjfashion.es\/es\/producto\/animal-print-blouse\/","title":{"rendered":"Blusa Animal Print"},"content":{"rendered":"<p>Color: disponible en canela y blanco<br \/>\nTalla: S \/ M \/ L<\/p>\n","protected":false},"excerpt":{"rendered":"<p>Blusa estampada animal con escote redondo y manga larga con pu\u00f1os anchos y el\u00e1sticos. Cierre de doble bot\u00f3n en la espalda.<\/p>\n","protected":false},"featured_media":932,"comment_status":"open","ping_status":"closed","template":"","meta":[],"_links":{"self":[{"href":"https:\/\/mjfashion.es\/es\/wp-json\/wp\/v2\/product\/404"}],"collection":[{"href":"https:\/\/mjfashion.es\/es\/wp-json\/wp\/v2\/product"}],"about":[{"href":"https:\/\/mjfashion.es\/es\/wp-json\/wp\/v2\/types\/product"}],"replies":[{"embeddable":true,"href":"https:\/\/mjfashion.es\/es\/wp-json\/wp\/v2\/comments?post=404"}],"wp:featuredmedia":[{"embeddable":true,"href":"https:\/\/mjfashion.es\/es\/wp-json\/wp\/v2\/media\/932"}],"wp:attachment":[{"href":"https:\/\/mjfashion.es\/es\/wp-json\/wp\/v2\/media?parent=404"}],"curies":[{"name":"wp","href":"https:\/\/api.w.org\/{rel}","templated":true}]}}