{"id":426,"date":"2020-05-02T12:48:18","date_gmt":"2020-05-02T10:48:18","guid":{"rendered":"https:\/\/mjfashion.es\/?post_type=product&#038;p=426"},"modified":"2020-06-28T18:22:05","modified_gmt":"2020-06-28T16:22:05","slug":"top-with-organza-puff-sleeves","status":"publish","type":"product","link":"https:\/\/mjfashion.es\/es\/producto\/top-with-organza-puff-sleeves\/","title":{"rendered":"Top con mangas abullonadas de organza"},"content":{"rendered":"<p>Color: Avaialbale en blanco y negro<br \/>\nTalla: Talla Unica<\/p>\n","protected":false},"excerpt":{"rendered":"<p>Top de cuello redondo con mangas largas de organza y pu\u00f1os el\u00e1sticos en contraste. Este modelo es una paz de moda para esta temporada, pero tambi\u00e9n ser\u00e1 protagonista en las colecciones oto\u00f1o-invierno de 2020\/2021.<\/p>\n","protected":false},"featured_media":428,"comment_status":"open","ping_status":"closed","template":"","meta":[],"_links":{"self":[{"href":"https:\/\/mjfashion.es\/es\/wp-json\/wp\/v2\/product\/426"}],"collection":[{"href":"https:\/\/mjfashion.es\/es\/wp-json\/wp\/v2\/product"}],"about":[{"href":"https:\/\/mjfashion.es\/es\/wp-json\/wp\/v2\/types\/product"}],"replies":[{"embeddable":true,"href":"https:\/\/mjfashion.es\/es\/wp-json\/wp\/v2\/comments?post=426"}],"wp:featuredmedia":[{"embeddable":true,"href":"https:\/\/mjfashion.es\/es\/wp-json\/wp\/v2\/media\/428"}],"wp:attachment":[{"href":"https:\/\/mjfashion.es\/es\/wp-json\/wp\/v2\/media?parent=426"}],"curies":[{"name":"wp","href":"https:\/\/api.w.org\/{rel}","templated":true}]}}