{"id":443,"date":"2020-05-02T16:10:23","date_gmt":"2020-05-02T14:10:23","guid":{"rendered":"https:\/\/mjfashion.es\/?post_type=product&#038;p=443"},"modified":"2020-07-18T15:42:40","modified_gmt":"2020-07-18T13:42:40","slug":"loose-fitting-blouse","status":"publish","type":"product","link":"https:\/\/mjfashion.es\/es\/producto\/loose-fitting-blouse\/","title":{"rendered":"Blusa fluida"},"content":{"rendered":"<p>Color: disponible en blanco y negro<br \/>\nTalla: Talla Unica<\/p>\n","protected":false},"excerpt":{"rendered":"<p>Blusa fluida con cuello redondo y mangas abullonadas que caen debajo del codo.<br \/>\nUna blusa s\u00faper c\u00f3moda, elegante y f\u00e1cil de combinar.<\/p>\n","protected":false},"featured_media":442,"comment_status":"open","ping_status":"closed","template":"","meta":[],"_links":{"self":[{"href":"https:\/\/mjfashion.es\/es\/wp-json\/wp\/v2\/product\/443"}],"collection":[{"href":"https:\/\/mjfashion.es\/es\/wp-json\/wp\/v2\/product"}],"about":[{"href":"https:\/\/mjfashion.es\/es\/wp-json\/wp\/v2\/types\/product"}],"replies":[{"embeddable":true,"href":"https:\/\/mjfashion.es\/es\/wp-json\/wp\/v2\/comments?post=443"}],"wp:featuredmedia":[{"embeddable":true,"href":"https:\/\/mjfashion.es\/es\/wp-json\/wp\/v2\/media\/442"}],"wp:attachment":[{"href":"https:\/\/mjfashion.es\/es\/wp-json\/wp\/v2\/media?parent=443"}],"curies":[{"name":"wp","href":"https:\/\/api.w.org\/{rel}","templated":true}]}}