{"id":460,"date":"2020-05-02T17:47:53","date_gmt":"2020-05-02T15:47:53","guid":{"rendered":"https:\/\/mjfashion.es\/?post_type=product&#038;p=460"},"modified":"2020-05-02T17:56:53","modified_gmt":"2020-05-02T15:56:53","slug":"puff-sleeves-blouse","status":"publish","type":"product","link":"https:\/\/mjfashion.es\/es\/producto\/puff-sleeves-blouse\/","title":{"rendered":"Blusa Mangas Abullonadas"},"content":{"rendered":"<p>Color (Talla): Disponible en Negro (Talla L) y en Blanco (Talla M)<\/p>\n","protected":false},"excerpt":{"rendered":"<p>Blusa fluida con escote redondo y detalle de lazo. Hombro ca\u00eddo de manga larga con terminaci\u00f3n el\u00e1stica.<\/p>\n","protected":false},"featured_media":467,"comment_status":"open","ping_status":"closed","template":"","meta":[],"_links":{"self":[{"href":"https:\/\/mjfashion.es\/es\/wp-json\/wp\/v2\/product\/460"}],"collection":[{"href":"https:\/\/mjfashion.es\/es\/wp-json\/wp\/v2\/product"}],"about":[{"href":"https:\/\/mjfashion.es\/es\/wp-json\/wp\/v2\/types\/product"}],"replies":[{"embeddable":true,"href":"https:\/\/mjfashion.es\/es\/wp-json\/wp\/v2\/comments?post=460"}],"wp:featuredmedia":[{"embeddable":true,"href":"https:\/\/mjfashion.es\/es\/wp-json\/wp\/v2\/media\/467"}],"wp:attachment":[{"href":"https:\/\/mjfashion.es\/es\/wp-json\/wp\/v2\/media?parent=460"}],"curies":[{"name":"wp","href":"https:\/\/api.w.org\/{rel}","templated":true}]}}