{"id":647,"date":"2020-05-08T00:07:17","date_gmt":"2020-05-07T22:07:17","guid":{"rendered":"https:\/\/mjfashion.es\/?post_type=product&#038;p=647"},"modified":"2020-07-03T00:06:43","modified_gmt":"2020-07-02T22:06:43","slug":"floral-print-pink-dress","status":"publish","type":"product","link":"https:\/\/mjfashion.es\/es\/producto\/floral-print-pink-dress\/","title":{"rendered":"Vestido rosa estampado floral"},"content":{"rendered":"<p>Color: rosa<br \/>\nTalla: Talla Unica<\/p>\n","protected":false},"excerpt":{"rendered":"<p>Vestido estampado floral de color rosa con escote redondo, abertura abotonada en la parte posterior, cintura el\u00e1stica y manga larga con pu\u00f1os el\u00e1sticos. Talla Unica se adapta a mujeres de talla S, M y L (tallas 36, 38, 40, 42).<\/p>\n","protected":false},"featured_media":648,"comment_status":"open","ping_status":"closed","template":"","meta":[],"_links":{"self":[{"href":"https:\/\/mjfashion.es\/es\/wp-json\/wp\/v2\/product\/647"}],"collection":[{"href":"https:\/\/mjfashion.es\/es\/wp-json\/wp\/v2\/product"}],"about":[{"href":"https:\/\/mjfashion.es\/es\/wp-json\/wp\/v2\/types\/product"}],"replies":[{"embeddable":true,"href":"https:\/\/mjfashion.es\/es\/wp-json\/wp\/v2\/comments?post=647"}],"wp:featuredmedia":[{"embeddable":true,"href":"https:\/\/mjfashion.es\/es\/wp-json\/wp\/v2\/media\/648"}],"wp:attachment":[{"href":"https:\/\/mjfashion.es\/es\/wp-json\/wp\/v2\/media?parent=647"}],"curies":[{"name":"wp","href":"https:\/\/api.w.org\/{rel}","templated":true}]}}