{"id":650,"date":"2020-05-08T01:01:32","date_gmt":"2020-05-07T23:01:32","guid":{"rendered":"https:\/\/mjfashion.es\/?post_type=product&#038;p=650"},"modified":"2020-09-12T09:40:59","modified_gmt":"2020-09-12T07:40:59","slug":"faux-leather-pants","status":"publish","type":"product","link":"https:\/\/mjfashion.es\/es\/producto\/faux-leather-pants\/","title":{"rendered":"Pantalones de cuero de imitaci\u00f3n"},"content":{"rendered":"<p>Color: Disponible en Vizcaya Verde y Negro<br \/>\nTalla: S \/ M \/ L<br \/>\nLongitud: 87cm<\/p>\n","protected":false},"excerpt":{"rendered":"<p>Pantal\u00f3n de piel sint\u00e9tica de cintura alta con cintura el\u00e1stica y cordones ajustables. Bolsillos laterales. Coloridos pantalones de cuero, vestidos, chaquetas y faldas son una de las principales tendencias de la temporada.<\/p>\n","protected":false},"featured_media":657,"comment_status":"open","ping_status":"closed","template":"","meta":[],"_links":{"self":[{"href":"https:\/\/mjfashion.es\/es\/wp-json\/wp\/v2\/product\/650"}],"collection":[{"href":"https:\/\/mjfashion.es\/es\/wp-json\/wp\/v2\/product"}],"about":[{"href":"https:\/\/mjfashion.es\/es\/wp-json\/wp\/v2\/types\/product"}],"replies":[{"embeddable":true,"href":"https:\/\/mjfashion.es\/es\/wp-json\/wp\/v2\/comments?post=650"}],"wp:featuredmedia":[{"embeddable":true,"href":"https:\/\/mjfashion.es\/es\/wp-json\/wp\/v2\/media\/657"}],"wp:attachment":[{"href":"https:\/\/mjfashion.es\/es\/wp-json\/wp\/v2\/media?parent=650"}],"curies":[{"name":"wp","href":"https:\/\/api.w.org\/{rel}","templated":true}]}}