{"id":721,"date":"2020-05-10T17:22:40","date_gmt":"2020-05-10T15:22:40","guid":{"rendered":"https:\/\/mjfashion.es\/?post_type=product&#038;p=721"},"modified":"2020-07-29T23:27:50","modified_gmt":"2020-07-29T21:27:50","slug":"hooded-jacket","status":"publish","type":"product","link":"https:\/\/mjfashion.es\/es\/producto\/hooded-jacket\/","title":{"rendered":"Chaqueta con capucha"},"content":{"rendered":"<p>Colores: canela clara<br \/>\nTalla: S \/ M \/ L<\/p>\n","protected":false},"excerpt":{"rendered":"<p>Chaqueta con capucha ajustable con cordones el\u00e1sticos, manga larga con pu\u00f1os el\u00e1sticos, bolsillos laterales y cierre de cremallera met\u00e1lica en la parte delantera. Bajo acabado en volantes.<\/p>\n","protected":false},"featured_media":722,"comment_status":"open","ping_status":"closed","template":"","meta":[],"_links":{"self":[{"href":"https:\/\/mjfashion.es\/es\/wp-json\/wp\/v2\/product\/721"}],"collection":[{"href":"https:\/\/mjfashion.es\/es\/wp-json\/wp\/v2\/product"}],"about":[{"href":"https:\/\/mjfashion.es\/es\/wp-json\/wp\/v2\/types\/product"}],"replies":[{"embeddable":true,"href":"https:\/\/mjfashion.es\/es\/wp-json\/wp\/v2\/comments?post=721"}],"wp:featuredmedia":[{"embeddable":true,"href":"https:\/\/mjfashion.es\/es\/wp-json\/wp\/v2\/media\/722"}],"wp:attachment":[{"href":"https:\/\/mjfashion.es\/es\/wp-json\/wp\/v2\/media?parent=721"}],"curies":[{"name":"wp","href":"https:\/\/api.w.org\/{rel}","templated":true}]}}