{"id":804,"date":"2020-05-12T20:29:28","date_gmt":"2020-05-12T18:29:28","guid":{"rendered":"https:\/\/mjfashion.es\/?post_type=product&#038;p=804"},"modified":"2020-08-01T16:55:32","modified_gmt":"2020-08-01T14:55:32","slug":"art-print-long-dress","status":"publish","type":"product","link":"https:\/\/mjfashion.es\/es\/producto\/art-print-long-dress\/","title":{"rendered":"Vestido largo estampado"},"content":{"rendered":"<p>Color: Cebollino Verde<br \/>\nTalla: Talla Unica<\/p>\n","protected":false},"excerpt":{"rendered":"<p>Vestido largo estampado que combina los colores verde cebollino, turquesa, rosa flor, blanco y negro. Cuello de pico cruzado y manga larga con pu\u00f1os. Cintura con un cintur\u00f3n de lazo en la misma tela. La combinaci\u00f3n entre el patr\u00f3n art\u00edstico original y los colores modernos hace que el modelo sea \u00fanico y moderno.<\/p>\n","protected":false},"featured_media":803,"comment_status":"open","ping_status":"closed","template":"","meta":[],"_links":{"self":[{"href":"https:\/\/mjfashion.es\/es\/wp-json\/wp\/v2\/product\/804"}],"collection":[{"href":"https:\/\/mjfashion.es\/es\/wp-json\/wp\/v2\/product"}],"about":[{"href":"https:\/\/mjfashion.es\/es\/wp-json\/wp\/v2\/types\/product"}],"replies":[{"embeddable":true,"href":"https:\/\/mjfashion.es\/es\/wp-json\/wp\/v2\/comments?post=804"}],"wp:featuredmedia":[{"embeddable":true,"href":"https:\/\/mjfashion.es\/es\/wp-json\/wp\/v2\/media\/803"}],"wp:attachment":[{"href":"https:\/\/mjfashion.es\/es\/wp-json\/wp\/v2\/media?parent=804"}],"curies":[{"name":"wp","href":"https:\/\/api.w.org\/{rel}","templated":true}]}}