{"id":840,"date":"2020-05-14T20:43:02","date_gmt":"2020-05-14T18:43:02","guid":{"rendered":"https:\/\/mjfashion.es\/?post_type=product&#038;p=840"},"modified":"2020-08-01T16:55:34","modified_gmt":"2020-08-01T14:55:34","slug":"loose-fit-long-dress-2","status":"publish","type":"product","link":"https:\/\/mjfashion.es\/es\/producto\/loose-fit-long-dress-2\/","title":{"rendered":"Vestido largo fluido"},"content":{"rendered":"<p>Colores: disponible en beige, negro, kaki y azul<br \/>\nTalla: Talla Unica<\/p>\n","protected":false},"excerpt":{"rendered":"<p>Vestido fluido con escote de pico y manga ajustable. Ribete con volantes. Es f\u00e1cil de combinar con accesorios. Y adem\u00e1s del aspecto genial, el vestido es muy c\u00f3modo y agradable de llevar.<\/p>\n","protected":false},"featured_media":836,"comment_status":"open","ping_status":"closed","template":"","meta":[],"_links":{"self":[{"href":"https:\/\/mjfashion.es\/es\/wp-json\/wp\/v2\/product\/840"}],"collection":[{"href":"https:\/\/mjfashion.es\/es\/wp-json\/wp\/v2\/product"}],"about":[{"href":"https:\/\/mjfashion.es\/es\/wp-json\/wp\/v2\/types\/product"}],"replies":[{"embeddable":true,"href":"https:\/\/mjfashion.es\/es\/wp-json\/wp\/v2\/comments?post=840"}],"wp:featuredmedia":[{"embeddable":true,"href":"https:\/\/mjfashion.es\/es\/wp-json\/wp\/v2\/media\/836"}],"wp:attachment":[{"href":"https:\/\/mjfashion.es\/es\/wp-json\/wp\/v2\/media?parent=840"}],"curies":[{"name":"wp","href":"https:\/\/api.w.org\/{rel}","templated":true}]}}