{"id":944,"date":"2020-05-17T00:28:11","date_gmt":"2020-05-16T22:28:11","guid":{"rendered":"https:\/\/mjfashion.es\/?post_type=product&#038;p=944"},"modified":"2020-06-28T21:33:51","modified_gmt":"2020-06-28T19:33:51","slug":"midi-faux-leather-pencil-skirt","status":"publish","type":"product","link":"https:\/\/mjfashion.es\/es\/producto\/midi-faux-leather-pencil-skirt\/","title":{"rendered":"Falda L\u00e1piz Midi de Piel Sint\u00e9tica"},"content":{"rendered":"<p>Colores: disponible en beige, turquesa y negro<br \/>\nTalla: S \/ M \/ L<br \/>\nLongitud: 75cm<\/p>\n","protected":false},"excerpt":{"rendered":"<p>Falda midi de cuero sint\u00e9tico modelo l\u00e1piz con cintura alta el\u00e1stica, cremallera frontal y cierre de bot\u00f3n a presi\u00f3n. Apertura trasero. Las faldas l\u00e1piz est\u00e1n muy de moda esta temporada. Subrayan las curvas del cuerpo y dan una apariencia sexy y atractiva. Las faldas l\u00e1piz son las m\u00e1s elegantes y ideales para la oficina.<\/p>\n","protected":false},"featured_media":950,"comment_status":"open","ping_status":"closed","template":"","meta":[],"_links":{"self":[{"href":"https:\/\/mjfashion.es\/es\/wp-json\/wp\/v2\/product\/944"}],"collection":[{"href":"https:\/\/mjfashion.es\/es\/wp-json\/wp\/v2\/product"}],"about":[{"href":"https:\/\/mjfashion.es\/es\/wp-json\/wp\/v2\/types\/product"}],"replies":[{"embeddable":true,"href":"https:\/\/mjfashion.es\/es\/wp-json\/wp\/v2\/comments?post=944"}],"wp:featuredmedia":[{"embeddable":true,"href":"https:\/\/mjfashion.es\/es\/wp-json\/wp\/v2\/media\/950"}],"wp:attachment":[{"href":"https:\/\/mjfashion.es\/es\/wp-json\/wp\/v2\/media?parent=944"}],"curies":[{"name":"wp","href":"https:\/\/api.w.org\/{rel}","templated":true}]}}